{"id":20556,"date":"2020-02-04T16:56:51","date_gmt":"2020-02-04T16:56:51","guid":{"rendered":"https:\/\/systronlabs.com\/uber\/"},"modified":"2024-12-09T15:40:35","modified_gmt":"2024-12-09T15:40:35","slug":"uber","status":"publish","type":"page","link":"https:\/\/systronlabs.com\/de\/uber\/","title":{"rendered":"\u00dcber"},"content":{"rendered":"<div class=\"gb-container gb-container-bf108419\">\n\n<h1 class=\"gb-headline gb-headline-3689c49d gb-headline-text\">Ein kleines Team mit <mark class=\"gb-highlight\">gro\u00dfen<\/mark> Ideen.<\/h1>\n\n<\/div>\n\n<div class=\"gb-container gb-container-a32d6d1c\">\n<div class=\"gb-container gb-container-65308ba4\">\n\n<div class=\"wp-block-columns is-layout-flex wp-container-core-columns-is-layout-9d6595d7 wp-block-columns-is-layout-flex\">\n<div class=\"wp-block-column is-layout-flow wp-block-column-is-layout-flow\" style=\"flex-basis:100%\"><div class=\"gb-grid-wrapper gb-grid-wrapper-9f8a370f\">\n<div class=\"gb-grid-column gb-grid-column-fca4fc92\"><div class=\"gb-container gb-container-fca4fc92\">\n<div class=\"wp-block-image\">\n<figure class=\"aligncenter size-large\"><img loading=\"lazy\" decoding=\"async\" width=\"1024\" height=\"717\" src=\"https:\/\/systronlabs.com\/wp-content\/uploads\/2024\/11\/uber-1024x717.jpg\" alt=\"\" class=\"wp-image-21411\" srcset=\"https:\/\/systronlabs.com\/wp-content\/uploads\/2024\/11\/uber-1024x717.jpg 1024w, https:\/\/systronlabs.com\/wp-content\/uploads\/2024\/11\/uber-300x210.jpg 300w, https:\/\/systronlabs.com\/wp-content\/uploads\/2024\/11\/uber-768x538.jpg 768w, https:\/\/systronlabs.com\/wp-content\/uploads\/2024\/11\/uber.jpg 1536w\" sizes=\"auto, (max-width: 1024px) 100vw, 1024px\" \/><\/figure>\n<\/div>\n<\/div><\/div>\n\n<div class=\"gb-grid-column gb-grid-column-236e5403\"><div class=\"gb-container gb-container-236e5403\">\n\n<h3 class=\"gb-headline gb-headline-e62c6ded gb-headline-text\">  Systron Laboratorien<\/h3>\n\n\n\n<p class=\"has-text-align-left\">Unsere Leidenschaft ist es, au\u00dfergew\u00f6hnliche digitale Erlebnisse zu schaffen, die auf die individuellen Bed\u00fcrfnisse unserer Kunden zugeschnitten sind.\nUnser engagiertes Team mit Sitz in der pulsierenden Stadt Berlin ist auf Webentwicklung spezialisiert und setzt die neuesten Technologien und innovativen L\u00f6sungen ein, um die Visionen unserer Kunden zum Leben zu erwecken.\nMit unserem Fokus auf Zusammenarbeit, Kreativit\u00e4t und innovativem Design liefern wir herausragende Ergebnisse, die die Erwartungen \u00fcbertreffen und den Erfolg in der digitalen Welt f\u00f6rdern.  <\/p>\n\n\n\n<a class=\"gb-button gb-button-6f982b13\" href=\"https:\/\/x.com\/SystronLabs\" target=\"_blank\" rel=\"noopener noreferrer\"><span class=\"gb-icon\"><svg width=\"24\" height=\"24\" viewBox=\"0 0 24 24\" version=\"1.1\" xmlns=\"http:\/\/www.w3.org\/2000\/svg\" aria-hidden=\"true\" focusable=\"false\" style=\"\n    fill: #cc5559;\n\"><path d=\"M13.982 10.622 20.54 3h-1.554l-5.693 6.618L8.745 3H3.5l6.876 10.007L3.5 21h1.554l6.012-6.989L15.868 21h5.245l-7.131-10.378Zm-2.128 2.474-.697-.997-5.543-7.93H8l4.474 6.4.697.996 5.815 8.318h-2.387l-4.745-6.787Z\"><\/path><\/svg><\/span><\/a>\n\n\n\n<a class=\"gb-button gb-button-19ad0418\" href=\"https:\/\/www.facebook.com\/SystronLabs\/\" target=\"_blank\" rel=\"noopener noreferrer\"><span class=\"gb-icon\"><svg aria-hidden=\"true\" height=\"1em\" width=\"1em\" viewbox=\"0 0 320 512\" xmlns=\"http:\/\/www.w3.org\/2000\/svg\"><path fill=\"currentColor\" d=\"M279.14 288l14.22-92.66h-88.91v-60.13c0-25.35 12.42-50.06 52.24-50.06h40.42V6.26S260.43 0 225.36 0c-73.22 0-121.08 44.38-121.08 124.72v70.62H22.89V288h81.39v224h100.17V288z\"><\/path><\/path><\/svg><\/span><\/a>\n\n\n\n<a class=\"gb-button gb-button-bbf9804b\" href=\"https:\/\/www.linkedin.com\/company\/systron-labs\/\" target=\"_blank\" rel=\"noopener noreferrer\"><span class=\"gb-icon\"><svg viewbox=\"0 0 24 24\" height=\"100\" width=\"100\" y=\"0px\" x=\"0px\" xmlns=\"http:\/\/www.w3.org\/2000\/svg\"> <path d=\"M 21.800781 0 L 2.199219 0 C 1 0 0 1 0 2.199219 L 0 21.800781 C 0 23 1 24 2.199219 24 L 21.800781 24 C 23 24 24 23 24 21.800781 L 24 2.199219 C 24 1 23 0 21.800781 0 Z M 7 20 L 3 20 L 3 9 L 7 9 Z M 5 7.699219 C 3.800781 7.699219 3 6.898438 3 5.898438 C 3 4.800781 3.800781 4 5 4 C 6.199219 4 7 4.800781 7 5.800781 C 7 6.898438 6.199219 7.699219 5 7.699219 Z M 21 20 L 17 20 L 17 14 C 17 12.398438 15.898438 12 15.601563 12 C 15.300781 12 14 12.199219 14 14 C 14 14.199219 14 20 14 20 L 10 20 L 10 9 L 14 9 L 14 10.601563 C 14.601563 9.699219 15.601563 9 17.5 9 C 19.398438 9 21 10.5 21 14 Z\"><\/path> <\/path><\/svg><\/span><\/a>\n\n<\/div><\/div>\n<\/div><\/div>\n<\/div>\n\n\n\n<iframe src=\"https:\/\/www.google.com\/maps\/embed?pb=!1m18!1m12!1m3!1d138202.7355972872!2d13.383116356707562!3d52.52599679874042!2m3!1f0!2f0!3f0!3m2!1i1024!2i768!4f13.1!3m3!1m2!1s0x47a84e373f035901%3A0x42120465b5e3b70!2sBerlin!5e0!3m2!1sen!2sde!4v1718834670071!5m2!1sen!2sde\" width=\"100%\" height=\"450\" style=\"border:0;\" allowfullscreen=\"\" loading=\"lazy\" referrerpolicy=\"no-referrer-when-downgrade\"><\/iframe>\n\n\n\n<div class=\"wp-block-leadin-hubspot-form-block\">\n\t\t\t\t\t\t<script>\n\t\t\t\t\t\t\twindow.hsFormsOnReady = window.hsFormsOnReady || [];\n\t\t\t\t\t\t\twindow.hsFormsOnReady.push(()=>{\n\t\t\t\t\t\t\t\thbspt.forms.create({\n\t\t\t\t\t\t\t\t\tportalId: 144576617,\n\t\t\t\t\t\t\t\t\tformId: \"21e9ec6f-5585-4df6-b585-f78c796d192f\",\n\t\t\t\t\t\t\t\t\ttarget: \"#hbspt-form-1776773806000-9173283284\",\n\t\t\t\t\t\t\t\t\tregion: \"eu1\",\n\t\t\t\t\t\t\t\t\t\n\t\t\t\t\t\t\t})});\n\t\t\t\t\t\t<\/script>\n\t\t\t\t\t\t<div class=\"hbspt-form\" id=\"hbspt-form-1776773806000-9173283284\"><\/div><\/div>\n\n\n\n<p>Adresse: Brunnenstr.\n114, Berlin 13355, Deutschland<br>Email: <a href=\"mailto:hello@systronlabs.com\">Hello@SystronLabs.com<\/a> <\/p>\n\n<\/div>\n<\/div>\n\n<div class=\"gb-container gb-container-9e9518c9\">\n\n<h3 class=\"gb-headline gb-headline-5f34cf1e gb-headline-text\">M\u00f6chten Sie uns kontaktieren?<\/h3>\n\n\n\n<a class=\"gb-button gb-button-6d075c12\" href=\"https:\/\/systronlabs.com\/de\/kontakt\/\"><span class=\"gb-button-text\">Hallo sagen<\/span><span class=\"gb-icon\"><svg viewbox=\"0 0 448 512\" xmlns=\"http:\/\/www.w3.org\/2000\/svg\" class=\"svg-inline--fa fa-long-arrow-alt-right fa-w-14\" data-icon=\"long-arrow-alt-right\" data-prefix=\"fas\" aria-hidden=\"true\"><path d=\"M313.941 216H12c-6.627 0-12 5.373-12 12v56c0 6.627 5.373 12 12 12h301.941v46.059c0 21.382 25.851 32.09 40.971 16.971l86.059-86.059c9.373-9.373 9.373-24.569 0-33.941l-86.059-86.059c-15.119-15.119-40.971-4.411-40.971 16.971V216z\" fill=\"currentColor\"><\/path><\/path><\/svg><\/span><\/a>\n\n<\/div>","protected":false},"excerpt":{"rendered":"<p>Ein kleines Team mit gro\u00dfen Ideen. Adresse: Brunnenstr. 114, Berlin 13355, DeutschlandEmail: Hello@SystronLabs.com M\u00f6chten Sie uns kontaktieren?<\/p>\n","protected":false},"author":1,"featured_media":0,"parent":0,"menu_order":0,"comment_status":"closed","ping_status":"closed","template":"","meta":{"content-type":"","footnotes":""},"class_list":["post-20556","page","type-page","status-publish"],"_links":{"self":[{"href":"https:\/\/systronlabs.com\/de\/wp-json\/wp\/v2\/pages\/20556","targetHints":{"allow":["GET"]}}],"collection":[{"href":"https:\/\/systronlabs.com\/de\/wp-json\/wp\/v2\/pages"}],"about":[{"href":"https:\/\/systronlabs.com\/de\/wp-json\/wp\/v2\/types\/page"}],"author":[{"embeddable":true,"href":"https:\/\/systronlabs.com\/de\/wp-json\/wp\/v2\/users\/1"}],"replies":[{"embeddable":true,"href":"https:\/\/systronlabs.com\/de\/wp-json\/wp\/v2\/comments?post=20556"}],"version-history":[{"count":7,"href":"https:\/\/systronlabs.com\/de\/wp-json\/wp\/v2\/pages\/20556\/revisions"}],"predecessor-version":[{"id":21476,"href":"https:\/\/systronlabs.com\/de\/wp-json\/wp\/v2\/pages\/20556\/revisions\/21476"}],"wp:attachment":[{"href":"https:\/\/systronlabs.com\/de\/wp-json\/wp\/v2\/media?parent=20556"}],"curies":[{"name":"wp","href":"https:\/\/api.w.org\/{rel}","templated":true}]}}