{"id":20557,"date":"2020-01-12T16:37:55","date_gmt":"2020-01-12T16:37:55","guid":{"rendered":"https:\/\/systronlabs.com\/startseite\/"},"modified":"2025-02-27T03:30:23","modified_gmt":"2025-02-27T03:30:23","slug":"startseite","status":"publish","type":"page","link":"https:\/\/systronlabs.com\/de\/","title":{"rendered":"Startseite"},"content":{"rendered":"<div class=\"gb-container gb-container-b83a5eec\">\n<div class=\"gb-container gb-container-19b7992a\">\n<div class=\"gb-container gb-container-2f03cd84\">\n\n<div class=\"wp-block-columns is-layout-flex wp-container-core-columns-is-layout-9d6595d7 wp-block-columns-is-layout-flex\">\n<div class=\"wp-block-column is-layout-flow wp-block-column-is-layout-flow\" style=\"flex-basis:100%\">\n<h1 class=\"gb-headline gb-headline-024d4f3c gb-headline-text\">Digitale <mark style=\"background-color:rgba(0, 0, 0, 0)\" class=\"has-inline-color has-accent-color\">Exzellenz<\/mark> schaffen<\/h1>\n<\/div>\n<\/div>\n\n\n\n<a class=\"gb-button gb-button-f30f7810\" href=\"https:\/\/systronlabs.com\/services\/\" target=\"_blank\" rel=\"noopener noreferrer\"><span class=\"gb-button-text\">WIE WIR HELFEN K\u00d6NNEN<\/span><span class=\"gb-icon\"><svg aria-hidden=\"true\" data-prefix=\"fas\" data-icon=\"long-arrow-alt-right\" class=\"svg-inline--fa fa-long-arrow-alt-right fa-w-14\" xmlns=\"http:\/\/www.w3.org\/2000\/svg\" viewBox=\"0 0 448 512\"><path fill=\"currentColor\" d=\"M313.941 216H12c-6.627 0-12 5.373-12 12v56c0 6.627 5.373 12 12 12h301.941v46.059c0 21.382 25.851 32.09 40.971 16.971l86.059-86.059c9.373-9.373 9.373-24.569 0-33.941l-86.059-86.059c-15.119-15.119-40.971-4.411-40.971 16.971V216z\"><\/path><\/svg><\/span><\/a>\n\n\n\n<div class=\"wp-block-columns is-layout-flex wp-container-core-columns-is-layout-9d6595d7 wp-block-columns-is-layout-flex\">\n<div class=\"wp-block-column is-layout-flow wp-block-column-is-layout-flow\">\n<div class=\"wp-block-leadin-hubspot-form-block\">\n\t\t\t\t\t\t<script>\n\t\t\t\t\t\t\twindow.hsFormsOnReady = window.hsFormsOnReady || [];\n\t\t\t\t\t\t\twindow.hsFormsOnReady.push(()=>{\n\t\t\t\t\t\t\t\thbspt.forms.create({\n\t\t\t\t\t\t\t\t\tportalId: 144576617,\n\t\t\t\t\t\t\t\t\tformId: \"21e9ec6f-5585-4df6-b585-f78c796d192f\",\n\t\t\t\t\t\t\t\t\ttarget: \"#hbspt-form-1775755588000-4926084821\",\n\t\t\t\t\t\t\t\t\tregion: \"eu1\",\n\t\t\t\t\t\t\t\t\t\n\t\t\t\t\t\t\t})});\n\t\t\t\t\t\t<\/script>\n\t\t\t\t\t\t<div class=\"hbspt-form\" id=\"hbspt-form-1775755588000-4926084821\"><\/div><\/div>\n<\/div>\n<\/div>\n\n<\/div>\n\n<div class=\"gb-container gb-container-71ecb63c\">\n<div class=\"wp-block-image\">\n<figure class=\"aligncenter size-full is-resized\"><img decoding=\"async\" src=\"https:\/\/systronlabs.com\/wp-content\/uploads\/2020\/02\/home.svg\" alt=\"\" class=\"wp-image-18277\" style=\"width:550px\"\/><\/figure>\n<\/div>\n<\/div>\n<\/div>\n<\/div>\n\n<div class=\"gb-container gb-container-aea375a7\">\n<div class=\"gb-container gb-container-ebc0c7e5\">\n<div class=\"gb-container gb-container-b06ccd82\">\n\n<h2 class=\"gb-headline gb-headline-55e20249 gb-headline-text\">Wir machen nicht alles, wir konzentrieren uns auf das, was wir am besten k\u00f6nnen.<\/h2>\n\n<\/div>\n\n<div class=\"gb-container gb-container-627ecb28\">\n<div class=\"gb-grid-wrapper gb-grid-wrapper-ec5cf5b9\">\n<div class=\"gb-grid-column gb-grid-column-5e500fa2\"><div class=\"gb-container gb-container-5e500fa2\">\n\n<h3 class=\"gb-headline gb-headline-5578384e\"><span class=\"gb-icon\"><svg aria-hidden=\"true\" data-prefix=\"fas\" data-icon=\"laptop-code\" class=\"svg-inline--fa fa-laptop-code fa-w-20\" xmlns=\"http:\/\/www.w3.org\/2000\/svg\" viewBox=\"0 0 640 512\"><path fill=\"currentColor\" d=\"M255.03 261.65c6.25 6.25 16.38 6.25 22.63 0l11.31-11.31c6.25-6.25 6.25-16.38 0-22.63L253.25 192l35.71-35.72c6.25-6.25 6.25-16.38 0-22.63l-11.31-11.31c-6.25-6.25-16.38-6.25-22.63 0l-58.34 58.34c-6.25 6.25-6.25 16.38 0 22.63l58.35 58.34zm96.01-11.3l11.31 11.31c6.25 6.25 16.38 6.25 22.63 0l58.34-58.34c6.25-6.25 6.25-16.38 0-22.63l-58.34-58.34c-6.25-6.25-16.38-6.25-22.63 0l-11.31 11.31c-6.25 6.25-6.25 16.38 0 22.63L386.75 192l-35.71 35.72c-6.25 6.25-6.25 16.38 0 22.63zM624 416H381.54c-.74 19.81-14.71 32-32.74 32H288c-18.69 0-33.02-17.47-32.77-32H16c-8.8 0-16 7.2-16 16v16c0 35.2 28.8 64 64 64h512c35.2 0 64-28.8 64-64v-16c0-8.8-7.2-16-16-16zM576 48c0-26.4-21.6-48-48-48H112C85.6 0 64 21.6 64 48v336h512V48zm-64 272H128V64h384v256z\"><\/path><\/svg><\/span><span class=\"gb-headline-text\">Website-Entwicklung<\/span><\/h3>\n\n\n\n<p>Wir entwickeln digitale Erlebnisse, die auf die einzigartige Identit\u00e4t und die Ziele Ihrer Marke zugeschnitten sind.\nVom eleganten Design bis zur nahtlosen Funktionalit\u00e4t liefern wir Websites, die fesseln und konvertieren. <\/p>\n\n<\/div><\/div>\n\n<div class=\"gb-grid-column gb-grid-column-7d14ab22\"><div class=\"gb-container gb-container-7d14ab22\">\n\n<h3 class=\"gb-headline gb-headline-b92b0cfa\"><span class=\"gb-icon\"><svg aria-hidden=\"true\" data-prefix=\"fas\" data-icon=\"layer-group\" class=\"svg-inline--fa fa-layer-group fa-w-16\" xmlns=\"http:\/\/www.w3.org\/2000\/svg\" viewBox=\"0 0 512 512\"><path fill=\"currentColor\" d=\"M12.41 148.02l232.94 105.67c6.8 3.09 14.49 3.09 21.29 0l232.94-105.67c16.55-7.51 16.55-32.52 0-40.03L266.65 2.31a25.607 25.607 0 00-21.29 0L12.41 107.98c-16.55 7.51-16.55 32.53 0 40.04zm487.18 88.28l-58.09-26.33-161.64 73.27c-7.56 3.43-15.59 5.17-23.86 5.17s-16.29-1.74-23.86-5.17L70.51 209.97l-58.1 26.33c-16.55 7.5-16.55 32.5 0 40l232.94 105.59c6.8 3.08 14.49 3.08 21.29 0L499.59 276.3c16.55-7.5 16.55-32.5 0-40zm0 127.8l-57.87-26.23-161.86 73.37c-7.56 3.43-15.59 5.17-23.86 5.17s-16.29-1.74-23.86-5.17L70.29 337.87 12.41 364.1c-16.55 7.5-16.55 32.5 0 40l232.94 105.59c6.8 3.08 14.49 3.08 21.29 0L499.59 404.1c16.55-7.5 16.55-32.5 0-40z\"><\/path><\/svg><\/span><span class=\"gb-headline-text\">Mobile App Entwicklung<\/span><\/h3>\n\n\n\n<p>Tauchen Sie ein in die Welt der mobilen App-Entwicklung mit unserem fachkundigen Service, bei dem wir Kreativit\u00e4t und Funktionalit\u00e4t vereinen, um fesselnde digitale Erlebnisse zu schaffen.<\/p>\n\n<\/div><\/div>\n\n<div class=\"gb-grid-column gb-grid-column-c3d2159a\"><div class=\"gb-container gb-container-c3d2159a\">\n\n<h3 class=\"gb-headline gb-headline-2e505277\"><span class=\"gb-icon\"><svg viewBox=\"0 0 448 512\" xmlns=\"http:\/\/www.w3.org\/2000\/svg\" class=\"svg-inline--fa fa-draw-polygon fa-w-14\" data-icon=\"draw-polygon\" data-prefix=\"fas\" aria-hidden=\"true\"><path d=\"M384 352c-.35 0-.67.1-1.02.1l-39.2-65.32c5.07-9.17 8.22-19.56 8.22-30.78s-3.14-21.61-8.22-30.78l39.2-65.32c.35.01.67.1 1.02.1 35.35 0 64-28.65 64-64s-28.65-64-64-64c-23.63 0-44.04 12.95-55.12 32H119.12C108.04 44.95 87.63 32 64 32 28.65 32 0 60.65 0 96c0 23.63 12.95 44.04 32 55.12v209.75C12.95 371.96 0 392.37 0 416c0 35.35 28.65 64 64 64 23.63 0 44.04-12.95 55.12-32h209.75c11.09 19.05 31.49 32 55.12 32 35.35 0 64-28.65 64-64 .01-35.35-28.64-64-63.99-64zm-288 8.88V151.12A63.825 63.825 0 00119.12 128h208.36l-38.46 64.1c-.35-.01-.67-.1-1.02-.1-35.35 0-64 28.65-64 64s28.65 64 64 64c.35 0 .67-.1 1.02-.1l38.46 64.1H119.12A63.748 63.748 0 0096 360.88zM272 256c0-8.82 7.18-16 16-16s16 7.18 16 16-7.18 16-16 16-16-7.18-16-16zM400 96c0 8.82-7.18 16-16 16s-16-7.18-16-16 7.18-16 16-16 16 7.18 16 16zM64 80c8.82 0 16 7.18 16 16s-7.18 16-16 16-16-7.18-16-16 7.18-16 16-16zM48 416c0-8.82 7.18-16 16-16s16 7.18 16 16-7.18 16-16 16-16-7.18-16-16zm336 16c-8.82 0-16-7.18-16-16s7.18-16 16-16 16 7.18 16 16-7.18 16-16 16z\" fill=\"currentColor\"><\/path><\/svg><\/span><span class=\"gb-headline-text\">Desktop-Anwendungen<\/span><\/h3>\n\n\n\n<p>Wir bieten umfassende Dienstleistungen zur Entwicklung von Desktop-Anwendungen, die auf die spezifischen Anforderungen Ihres Unternehmens zugeschnitten sind.\nUnser Team sorgt f\u00fcr robuste und benutzerfreundliche Anwendungen, die Ihre betriebliche Effizienz steigern. <\/p>\n\n<\/div><\/div>\n\n<div class=\"gb-grid-column gb-grid-column-95060ae6\"><div class=\"gb-container gb-container-95060ae6\">\n\n<h3 class=\"gb-headline gb-headline-481b0fb5\"><span class=\"gb-icon\"><svg viewBox=\"0 0 512 512\" xmlns=\"http:\/\/www.w3.org\/2000\/svg\" class=\"svg-inline--fa fa-server fa-w-16\" data-icon=\"server\" data-prefix=\"fas\" aria-hidden=\"true\"><path d=\"M480 160H32c-17.673 0-32-14.327-32-32V64c0-17.673 14.327-32 32-32h448c17.673 0 32 14.327 32 32v64c0 17.673-14.327 32-32 32zm-48-88c-13.255 0-24 10.745-24 24s10.745 24 24 24 24-10.745 24-24-10.745-24-24-24zm-64 0c-13.255 0-24 10.745-24 24s10.745 24 24 24 24-10.745 24-24-10.745-24-24-24zm112 248H32c-17.673 0-32-14.327-32-32v-64c0-17.673 14.327-32 32-32h448c17.673 0 32 14.327 32 32v64c0 17.673-14.327 32-32 32zm-48-88c-13.255 0-24 10.745-24 24s10.745 24 24 24 24-10.745 24-24-10.745-24-24-24zm-64 0c-13.255 0-24 10.745-24 24s10.745 24 24 24 24-10.745 24-24-10.745-24-24-24zm112 248H32c-17.673 0-32-14.327-32-32v-64c0-17.673 14.327-32 32-32h448c17.673 0 32 14.327 32 32v64c0 17.673-14.327 32-32 32zm-48-88c-13.255 0-24 10.745-24 24s10.745 24 24 24 24-10.745 24-24-10.745-24-24-24zm-64 0c-13.255 0-24 10.745-24 24s10.745 24 24 24 24-10.745 24-24-10.745-24-24-24z\" fill=\"currentColor\"><\/path><\/svg><\/span><span class=\"gb-headline-text\">DevOps Dienstleistungen<\/span><\/h3>\n\n\n\n<p>Wir bieten erstklassige DevOps-Services zur Rationalisierung Ihrer Entwicklungs- und Betriebsprozesse.\nUnser Team setzt die neuesten Tools und Praktiken ein, um eine kontinuierliche Integration, Lieferung und Bereitstellung zu gew\u00e4hrleisten. <\/p>\n\n<\/div><\/div>\n<\/div>\n<\/div>\n<\/div>\n<\/div>\n\n<div class=\"gb-container gb-container-a814fa7c\">\n\n<h2 class=\"gb-headline gb-headline-32d8fe71 gb-headline-text\">Neueste Projekte.<\/h2>\n\n\n<div class=\"gb-container gb-container-c2011fd0\">\n<div class=\"gb-container gb-container-8178a21e\">\n\n<figure class=\"wp-block-image size-large is-resized\"><img loading=\"lazy\" decoding=\"async\" width=\"1024\" height=\"683\" src=\"https:\/\/systronlabs.com\/wp-content\/uploads\/2024\/04\/medical-banner-with-doctor-working-laptop-1-1024x683.jpg\" alt=\"\" class=\"wp-image-20018\" style=\"width:339px;height:auto\" srcset=\"https:\/\/systronlabs.com\/wp-content\/uploads\/2024\/04\/medical-banner-with-doctor-working-laptop-1-1024x683.jpg 1024w, https:\/\/systronlabs.com\/wp-content\/uploads\/2024\/04\/medical-banner-with-doctor-working-laptop-1-300x200.jpg 300w, https:\/\/systronlabs.com\/wp-content\/uploads\/2024\/04\/medical-banner-with-doctor-working-laptop-1-768x512.jpg 768w, https:\/\/systronlabs.com\/wp-content\/uploads\/2024\/04\/medical-banner-with-doctor-working-laptop-1-1536x1024.jpg 1536w, https:\/\/systronlabs.com\/wp-content\/uploads\/2024\/04\/medical-banner-with-doctor-working-laptop-1-2048x1365.jpg 2048w\" sizes=\"auto, (max-width: 1024px) 100vw, 1024px\" \/><\/figure>\n\n\n\n<h3 class=\"gb-headline gb-headline-bdca9c31 gb-headline-text\">MediGlow Medizinisch<\/h3>\n\n\n\n<a class=\"gb-button gb-button-68cf8552\" href=\"https:\/\/systronlabs.com\/de\/projekt\/mediglow-projekt-systron-labs\" target=\"_blank\" rel=\"noopener noreferrer\"><span class=\"gb-button-text\">PROJEKT ANSEHEN<\/span><span class=\"gb-icon\"><svg aria-hidden=\"true\" data-prefix=\"fas\" data-icon=\"long-arrow-alt-right\" class=\"svg-inline--fa fa-long-arrow-alt-right fa-w-14\" xmlns=\"http:\/\/www.w3.org\/2000\/svg\" viewBox=\"0 0 448 512\"><path fill=\"currentColor\" d=\"M313.941 216H12c-6.627 0-12 5.373-12 12v56c0 6.627 5.373 12 12 12h301.941v46.059c0 21.382 25.851 32.09 40.971 16.971l86.059-86.059c9.373-9.373 9.373-24.569 0-33.941l-86.059-86.059c-15.119-15.119-40.971-4.411-40.971 16.971V216z\"><\/path><\/svg><\/span><\/a>\n\n<\/div>\n\n<div class=\"gb-container gb-container-7dbb8e53\">\n\n<figure class=\"wp-block-image size-full is-resized\"><img loading=\"lazy\" decoding=\"async\" width=\"640\" height=\"426\" src=\"https:\/\/systronlabs.com\/wp-content\/uploads\/2024\/04\/web-design-3411373_640-1.jpg\" alt=\"\" class=\"wp-image-20021\" style=\"width:342px;height:auto\" srcset=\"https:\/\/systronlabs.com\/wp-content\/uploads\/2024\/04\/web-design-3411373_640-1.jpg 640w, https:\/\/systronlabs.com\/wp-content\/uploads\/2024\/04\/web-design-3411373_640-1-300x200.jpg 300w\" sizes=\"auto, (max-width: 640px) 100vw, 640px\" \/><\/figure>\n\n\n\n<h3 class=\"gb-headline gb-headline-1ae027a4 gb-headline-text\">Circuitminds Tech.<\/h3>\n\n\n\n<a class=\"gb-button gb-button-d9b7a6ce\" href=\"https:\/\/systronlabs.com\/de\/projekt\/circuitminds-tech-projekt-systron-labs\" target=\"_blank\" rel=\"noopener noreferrer\"><span class=\"gb-button-text\">PROJEKT ANSEHEN<\/span><span class=\"gb-icon\"><svg aria-hidden=\"true\" data-prefix=\"fas\" data-icon=\"long-arrow-alt-right\" class=\"svg-inline--fa fa-long-arrow-alt-right fa-w-14\" xmlns=\"http:\/\/www.w3.org\/2000\/svg\" viewBox=\"0 0 448 512\"><path fill=\"currentColor\" d=\"M313.941 216H12c-6.627 0-12 5.373-12 12v56c0 6.627 5.373 12 12 12h301.941v46.059c0 21.382 25.851 32.09 40.971 16.971l86.059-86.059c9.373-9.373 9.373-24.569 0-33.941l-86.059-86.059c-15.119-15.119-40.971-4.411-40.971 16.971V216z\"><\/path><\/svg><\/span><\/a>\n\n<\/div>\n\n<div class=\"gb-container gb-container-ba84bc2d\">\n\n<figure class=\"wp-block-image size-full is-resized\"><img loading=\"lazy\" decoding=\"async\" width=\"350\" height=\"200\" src=\"https:\/\/systronlabs.com\/wp-content\/uploads\/2024\/04\/web-store-tile.jpg\" alt=\"\" class=\"wp-image-20065\" style=\"object-fit:cover;width:340px;height:230px\" srcset=\"https:\/\/systronlabs.com\/wp-content\/uploads\/2024\/04\/web-store-tile.jpg 350w, https:\/\/systronlabs.com\/wp-content\/uploads\/2024\/04\/web-store-tile-300x171.jpg 300w\" sizes=\"auto, (max-width: 350px) 100vw, 350px\" \/><\/figure>\n\n\n\n<h3 class=\"gb-headline gb-headline-5db46db8 gb-headline-text\">Trading Browser-Erweiterung<\/h3>\n\n\n\n<a class=\"gb-button gb-button-5abe202f\" href=\"https:\/\/systronlabs.com\/de\/projekt\/zerodha-kite-erweiterungen-projekt-systron-labs\" target=\"_blank\" rel=\"noopener noreferrer\"><span class=\"gb-button-text\">PROJEKT ANSEHEN<\/span><span class=\"gb-icon\"><svg aria-hidden=\"true\" data-prefix=\"fas\" data-icon=\"long-arrow-alt-right\" class=\"svg-inline--fa fa-long-arrow-alt-right fa-w-14\" xmlns=\"http:\/\/www.w3.org\/2000\/svg\" viewBox=\"0 0 448 512\"><path fill=\"currentColor\" d=\"M313.941 216H12c-6.627 0-12 5.373-12 12v56c0 6.627 5.373 12 12 12h301.941v46.059c0 21.382 25.851 32.09 40.971 16.971l86.059-86.059c9.373-9.373 9.373-24.569 0-33.941l-86.059-86.059c-15.119-15.119-40.971-4.411-40.971 16.971V216z\"><\/path><\/svg><\/span><\/a>\n\n<\/div>\n<\/div>\n<\/div>\n\n<div class=\"gb-container gb-container-b9bae598\">\n\n<h2 class=\"gb-headline gb-headline-ae45265c gb-headline-text\">Testimonials<\/h2>\n\n\n\t\r\n\t<style type=\"text\/css\">\r\n\t\t.testimonial-21670 {\r\n\t\t\ttext-align: center;\r\n\t\t\t\t\t}\r\n\t\t.testimonial-21670 .testimonial-thumbnail {\r\n\t\t\twidth: 85px;\r\n\t\t\theight: 85px;\r\n\t\t\tborder-radius: 50%;\r\n\t\t\tmargin: 0 auto 15px;\r\n\t\t\tborder: 0px solid #f5f5f5;\r\n\t\t\toverflow: hidden;\r\n\t\t\tdisplay: inline-block;\r\n\t\t}\r\n\t\t.testimonial-21670 .testimonial-thumbnail img {\r\n\t\t\tborder-radius: 0;\r\n\t\t\tbox-shadow: none;\r\n\t\t\theight: 100%;\r\n\t\t\twidth: 100%;\r\n\t\t}\r\n\t\t.testimonial-21670 .testimonial-title h3{\r\n            color: #000000;\r\n            font-size: 20px;\r\n\t\t\tfont-style: normal;\r\n\t\t\tmargin: 0px 0px 10px;\r\n\t\t}\r\n\t\t.testimonial-21670 .testimonial-description {\r\n            color: #666666;\r\n            font-size: 16px;\r\n\t\t\tfont-style: italic;\r\n\t\t\tmargin-bottom: 15px;\r\n\t\t}\r\n\t\t.testimonial-21670 .testimonial-ratings{\r\n\t\t\tdisplay: block;\r\n\t\t\toverflow: hidden;\r\n\t\t\tpadding:3px 0px;\r\n\t\t}\r\n\t\t.testimonial-21670 .testimonial-ratings i.fa{\r\n\t\t\tpadding:0px 3px;\r\n            color: #ffa900;\r\n            font-size: 15px;\r\n\t\t}\r\n\t\t.testimonial-21670 .testimonial-links,\r\n\t\t.testimonial-21670 .testimonial-links a {\r\n\t\t\tcolor: #666666;\r\n\t\t\tdisplay: block;\r\n\t\t\tfont-size: 14px;\r\n\t\t\toutline: medium none;\r\n\t\t\toverflow: hidden;\r\n\t\t\ttext-decoration: none;\r\n\t\t}\r\n\t\t.testimonial-21670 .testimonial-info-profile {\r\n\t\t\tmargin:0;\r\n\t\t\tmargin-top: 5px;\r\n\t\t}\r\n\t\t.testimonial-21670 .testimonial-info-profile ul{\r\n\t\t\tmargin:0;\r\n\t\t\tpadding:0;\r\n\t\t\tlist-style:none;\r\n\t\t}\r\n\t\t.testimonial-21670 .testimonial-info-profile ul li{\r\n\t\t\tdisplay: inline-block;\r\n\t\t}\r\n\t\t.testimonial-21670 .testimonial-info-profile ul li:before {\r\n\t\t    content: \"|\";\r\n\t\t    padding: 0 10px;\r\n\t\t    padding-left: 5px;\r\n\t\t}\r\n\t\t.testimonial-21670 .testimonial-info-profile ul li:first-child:before {\r\n\t\t    content: none;\r\n\t\t}\r\n\t\t.testimonial-21670 .testimonial-author-name{\r\n            margin-right: 0px;\r\n            color: #020202;\r\n            font-size: 18px;\r\n            text-transform: none;\r\n            font-style: normal;\r\n\t\t}\r\n\t\t.testimonial-21670 .testimonial-author-designation {\r\n\t\t\tdisplay: inline-block;\r\n            font-size: 18px;\r\n            color: #666666;\r\n            text-transform: none;\r\n            font-style: normal;\r\n\t\t}\r\n\t\t\t\t\t#testimonial-slider-21670 {\r\n\t\t\t\tpadding-top: 50px;\r\n\t\t\t}\r\n\t\t\t\t#testimonial-slider-21670 .owl-nav {}\r\n\t\t#testimonial-slider-21670 .owl-nav .owl-next,\r\n\t\t#testimonial-slider-21670 .owl-nav .owl-prev {\r\n\t\t\tposition: absolute;\r\n\t\t\t\t\t\t\ttop: 0px;\r\n\t\t\t\tright: 0;\r\n\t\t\t\tleft: auto;\r\n\t\t\t\t\t\tcolor: #020202;\r\n\t\t\ttext-align:center;\r\n\t\t\tfont-size: 15px;\r\n\t\t\tmargin: 2px;\r\n\t\t\tpadding: 0;\r\n\t\t\twidth: 30px;\r\n\t\t\theight: 30px;\r\n\t\t\tline-height: 26px;\r\n\t\t\tbackground: #f5f5f5;\r\n\t\t\tdisplay: inline-block;\r\n\t\t\tcursor: pointer;\r\n\t\t\tborder-radius: 0;\r\n\t\t\toutline: none;\r\n\t\t\tborder: 1px solid #f5f5f5;\r\n\t\t}\r\n\t\t\t\t\t#testimonial-slider-21670 .owl-nav .owl-prev {\r\n\t\t\t\tright: 35px;\r\n\t\t}\r\n\t\t\t\t\t\t#testimonial-slider-21670 .owl-nav .owl-prev{}\r\n\t\t#testimonial-slider-21670 .owl-nav .owl-next:hover,\r\n\t\t#testimonial-slider-21670 .owl-nav .owl-prev:hover {\r\n\t\t\tcolor: #020202;\r\n\t\t\tbackground: #dddddd;\r\n\t\t\tborder: 1px solid #dddddd;\r\n\t\t}\r\n\t\t#testimonial-slider-21670 .owl-dots {\r\n\t\t    display: block;\r\n\t\t  \ttext-align: center;\r\n\t\t    width: 100%;\r\n\t\t    overflow: hidden;\r\n\t\t    margin: 0;\r\n\t\t    margin-top: 10px;\r\n\t\t    padding: 0;\r\n\t\t}\r\n\t\t#testimonial-slider-21670 .owl-dots .owl-dot {\r\n\t\t\twidth: 12px;\r\n\t\t\theight: 12px;\r\n\t\t\tdisplay: inline-block;\r\n\t\t\tposition: relative;\r\n\t\t\tbackground: #dddddd;\r\n\t\t\tmargin: 0px 4px;\r\n\t\t\tborder-radius: 0;\r\n\t\t}\r\n\t\t#testimonial-slider-21670 .owl-dots .owl-dot.active {\r\n\t\t\tbackground: #9e9e9e;\r\n\t\t}\r\n\t<\/style>\r\n\r\n\t<div id=\"testimonial-slider-21670\" class=\"owl-carousel testimonial-slider\" data-postid=\"21670\" data-items=\"2\" data-loop=\"true\" data-margin=\"15\" data-autoplay=\"true\" data-autoplay-speed=\"1200\" data-autoplay-timeout=\"3000\" data-stop-hover=\"false\" data-itemsmobile=\"1\" data-itemsdesktopsmall=\"1\" data-itemsdesktop=\"2\">\r\n\t\t\r\n\t\t\t\t\t<div class=\"testimonial-21670\">\r\n\t\t\t\t\t\t\t\t\t<div class=\"testimonial-thumbnail\">\r\n\t\t\t\t\t\t<img decoding=\"async\" src=\"https:\/\/secure.gravatar.com\/avatar\/93a4d6754ee8d40e28aadf89be7279d5d9f2d4f669c672543b8dfc3a8a4a5ca1?s=96&#038;d=mm&#038;r=g\">\r\n\t\t\t\t\t<\/div>\r\n\t\t\t\t\t\t\t\t\t\t\t\t<div class=\"testimonial-description\">\r\n\t\t\t\t\t\"SupplyNet war eine entscheidende Investition in unsere Zukunft\", sagte Navigo, Executive Vice President of Operations bei Navigo. \"Die Plattform hat unsere Lieferkette revolutioniert und es uns erm\u00f6glicht, effizienter zu arbeiten, p\u00fcnktlich zu liefern und letztendlich unser Gesch\u00e4ft weltweit auszubauen.\u201c\t\t\t\t<\/div>\r\n\t\t\t\t<div class=\"testimonial-ratings\">\r\n\t                <i class=\"fa fa-star\"><\/i><i class=\"fa fa-star\"><\/i><i class=\"fa fa-star\"><\/i><i class=\"fa fa-star\"><\/i><i class=\"fa fa-star\"><\/i>\t\t   \t\t<\/div>\r\n\t\t\t\t\t\t\t\t<div class=\"testimonial-info-profile\">\r\n\t\t\t\t\t<ul>\r\n\t\t\t\t\t\t<li class=\"testimonial-author-name\">Cameron Wright<\/li>\r\n\t\t\t\t\t\t\t\t\t\t\t\t\t<li class=\"testimonial-author-designation\">Navigo - EVP<\/li>\r\n\t\t\t\t\t\t\t\t\t\t\t<\/ul>\r\n\t\t\t\t<\/div>\r\n\t\t\t<\/div>\r\n\t\t\t\t\t<div class=\"testimonial-21670\">\r\n\t\t\t\t\t\t\t\t\t<div class=\"testimonial-thumbnail\">\r\n\t\t\t\t\t\t<img decoding=\"async\" src=\"https:\/\/secure.gravatar.com\/avatar\/93a4d6754ee8d40e28aadf89be7279d5d9f2d4f669c672543b8dfc3a8a4a5ca1?s=96&#038;d=mm&#038;r=g\">\r\n\t\t\t\t\t<\/div>\r\n\t\t\t\t\t\t\t\t\t\t\t\t<div class=\"testimonial-description\">\r\n\t\t\t\t\tDie Zusammenarbeit mit Systron Labs an unserem Website-Redesign-Projekt war ein absolutes Vergn\u00fcgen. Ihr Team nahm sich die Zeit, unsere Gesch\u00e4ftsziele und Zielgruppe wirklich zu verstehen, was zu einer Website f\u00fchrte, die unsere Erwartungen \u00fcbertraf.\t\t\t\t<\/div>\r\n\t\t\t\t<div class=\"testimonial-ratings\">\r\n\t                <i class=\"fa fa-star\"><\/i><i class=\"fa fa-star\"><\/i><i class=\"fa fa-star\"><\/i><i class=\"fa fa-star\"><\/i><i class=\"fa fa-star\"><\/i>\t\t   \t\t<\/div>\r\n\t\t\t\t\t\t\t\t<div class=\"testimonial-info-profile\">\r\n\t\t\t\t\t<ul>\r\n\t\t\t\t\t\t<li class=\"testimonial-author-name\">Blake Sato<\/li>\r\n\t\t\t\t\t\t\t\t\t\t\t\t\t<li class=\"testimonial-author-designation\">CircuitMinds Tech - CEO<\/li>\r\n\t\t\t\t\t\t\t\t\t\t\t<\/ul>\r\n\t\t\t\t<\/div>\r\n\t\t\t<\/div>\r\n\t\t\t\t\t<div class=\"testimonial-21670\">\r\n\t\t\t\t\t\t\t\t\t<div class=\"testimonial-thumbnail\">\r\n\t\t\t\t\t\t<img decoding=\"async\" src=\"https:\/\/secure.gravatar.com\/avatar\/93a4d6754ee8d40e28aadf89be7279d5d9f2d4f669c672543b8dfc3a8a4a5ca1?s=96&#038;d=mm&#038;r=g\">\r\n\t\t\t\t\t<\/div>\r\n\t\t\t\t\t\t\t\t\t\t\t\t<div class=\"testimonial-description\">\r\n\t\t\t\t\tDie Zusammenarbeit mit Systron Labs bei der \u00dcberarbeitung der Website unserer medizinischen Gruppe war ein absoluter Wendepunkt. Das benutzerfreundliche Design und die mobile Reaktionsf\u00e4higkeit der neuen Website haben die Einbindung und Zufriedenheit der Patienten erheblich verbessert. Wir k\u00f6nnten mit den Ergebnissen nicht zufriedener sein und k\u00f6nnen ihre Dienste jeder medizinischen Gruppe, die ihre Online-Pr\u00e4senz verbessern m\u00f6chte, w\u00e4rmstens empfehlen.\t\t\t\t<\/div>\r\n\t\t\t\t<div class=\"testimonial-ratings\">\r\n\t                <i class=\"fa fa-star\"><\/i><i class=\"fa fa-star\"><\/i><i class=\"fa fa-star\"><\/i><i class=\"fa fa-star\"><\/i><i class=\"fa fa-star\"><\/i>\t\t   \t\t<\/div>\r\n\t\t\t\t\t\t\t\t<div class=\"testimonial-info-profile\">\r\n\t\t\t\t\t<ul>\r\n\t\t\t\t\t\t<li class=\"testimonial-author-name\">Amanda Klein<\/li>\r\n\t\t\t\t\t\t\t\t\t\t\t\t\t<li class=\"testimonial-author-designation\">MediGlow - CTO<\/li>\r\n\t\t\t\t\t\t\t\t\t\t\t<\/ul>\r\n\t\t\t\t<\/div>\r\n\t\t\t<\/div>\r\n\t\t\t<\/div>\r\n\t\n\n<\/div>\n\n<div class=\"gb-container gb-container-1fa89e6f\">\n\n<h3 class=\"gb-headline gb-headline-f7207de2 gb-headline-text\">Sind Sie bereit anzufangen?  <\/h3>\n\n\n\n<a class=\"gb-button gb-button-0185bd79\" href=\"https:\/\/systronlabs.com\/de\/kontakt\/\"><span class=\"gb-button-text\">Kontaktieren Sie uns<\/span><span class=\"gb-icon\"><svg aria-hidden=\"true\" data-prefix=\"fas\" data-icon=\"long-arrow-alt-right\" class=\"svg-inline--fa fa-long-arrow-alt-right fa-w-14\" xmlns=\"http:\/\/www.w3.org\/2000\/svg\" viewBox=\"0 0 448 512\"><path fill=\"currentColor\" d=\"M313.941 216H12c-6.627 0-12 5.373-12 12v56c0 6.627 5.373 12 12 12h301.941v46.059c0 21.382 25.851 32.09 40.971 16.971l86.059-86.059c9.373-9.373 9.373-24.569 0-33.941l-86.059-86.059c-15.119-15.119-40.971-4.411-40.971 16.971V216z\"><\/path><\/svg><\/span><\/a>\n\n\n\n<div class=\"wp-block-leadin-hubspot-form-block\">\n\t\t\t\t\t\t<script>\n\t\t\t\t\t\t\twindow.hsFormsOnReady = window.hsFormsOnReady || [];\n\t\t\t\t\t\t\twindow.hsFormsOnReady.push(()=>{\n\t\t\t\t\t\t\t\thbspt.forms.create({\n\t\t\t\t\t\t\t\t\tportalId: 144576617,\n\t\t\t\t\t\t\t\t\tformId: \"21e9ec6f-5585-4df6-b585-f78c796d192f\",\n\t\t\t\t\t\t\t\t\ttarget: \"#hbspt-form-1775755588000-2068996027\",\n\t\t\t\t\t\t\t\t\tregion: \"eu1\",\n\t\t\t\t\t\t\t\t\t\n\t\t\t\t\t\t\t})});\n\t\t\t\t\t\t<\/script>\n\t\t\t\t\t\t<div class=\"hbspt-form\" id=\"hbspt-form-1775755588000-2068996027\"><\/div><\/div>\n\n<\/div>","protected":false},"excerpt":{"rendered":"<p>Digitale Exzellenz schaffen Wir machen nicht alles, wir konzentrieren uns auf das, was wir am besten k\u00f6nnen. Neueste Projekte. MediGlow Medizinisch Circuitminds Tech. Trading Browser-Erweiterung Testimonials Sind Sie bereit anzufangen?<\/p>\n","protected":false},"author":1,"featured_media":0,"parent":0,"menu_order":0,"comment_status":"closed","ping_status":"closed","template":"","meta":{"content-type":"","footnotes":""},"class_list":["post-20557","page","type-page","status-publish","hentry"],"_links":{"self":[{"href":"https:\/\/systronlabs.com\/de\/wp-json\/wp\/v2\/pages\/20557","targetHints":{"allow":["GET"]}}],"collection":[{"href":"https:\/\/systronlabs.com\/de\/wp-json\/wp\/v2\/pages"}],"about":[{"href":"https:\/\/systronlabs.com\/de\/wp-json\/wp\/v2\/types\/page"}],"author":[{"embeddable":true,"href":"https:\/\/systronlabs.com\/de\/wp-json\/wp\/v2\/users\/1"}],"replies":[{"embeddable":true,"href":"https:\/\/systronlabs.com\/de\/wp-json\/wp\/v2\/comments?post=20557"}],"version-history":[{"count":50,"href":"https:\/\/systronlabs.com\/de\/wp-json\/wp\/v2\/pages\/20557\/revisions"}],"predecessor-version":[{"id":23324,"href":"https:\/\/systronlabs.com\/de\/wp-json\/wp\/v2\/pages\/20557\/revisions\/23324"}],"wp:attachment":[{"href":"https:\/\/systronlabs.com\/de\/wp-json\/wp\/v2\/media?parent=20557"}],"curies":[{"name":"wp","href":"https:\/\/api.w.org\/{rel}","templated":true}]}}