{"id":20558,"date":"2020-02-04T16:55:26","date_gmt":"2020-02-04T16:55:26","guid":{"rendered":"https:\/\/systronlabs.com\/dienstleistungen\/"},"modified":"2024-12-09T15:02:40","modified_gmt":"2024-12-09T15:02:40","slug":"dienstleistungen","status":"publish","type":"page","link":"https:\/\/systronlabs.com\/de\/dienstleistungen\/","title":{"rendered":"Dienstleistungen"},"content":{"rendered":"<div class=\"gb-container gb-container-8ac9335a\">\n<div class=\"gb-container gb-container-ea67247f\">\n\n<h1 class=\"gb-headline gb-headline-fddb14f2 gb-headline-text\">Wir helfen Unternehmen <mark class=\"gb-highlight\">zu wachsen<\/mark>.<\/h1>\n\n\n<div class=\"gb-container gb-container-fb5d0172\">\n\n<figure class=\"wp-block-image alignwide size-large\"><img decoding=\"async\" src=\"https:\/\/systronlabs.com\/wp-content\/uploads\/2020\/02\/services.svg\" alt=\"\" class=\"wp-image-19070\"\/><\/figure>\n\n<\/div>\n\n\n<div class=\"wp-block-leadin-hubspot-form-block\">\n\t\t\t\t\t\t<script>\n\t\t\t\t\t\t\twindow.hsFormsOnReady = window.hsFormsOnReady || [];\n\t\t\t\t\t\t\twindow.hsFormsOnReady.push(()=>{\n\t\t\t\t\t\t\t\thbspt.forms.create({\n\t\t\t\t\t\t\t\t\tportalId: 144576617,\n\t\t\t\t\t\t\t\t\tformId: \"21e9ec6f-5585-4df6-b585-f78c796d192f\",\n\t\t\t\t\t\t\t\t\ttarget: \"#hbspt-form-1776774511000-9891342153\",\n\t\t\t\t\t\t\t\t\tregion: \"eu1\",\n\t\t\t\t\t\t\t\t\t\n\t\t\t\t\t\t\t})});\n\t\t\t\t\t\t<\/script>\n\t\t\t\t\t\t<div class=\"hbspt-form\" id=\"hbspt-form-1776774511000-9891342153\"><\/div><\/div>\n\n<\/div>\n<\/div>\n\n<div class=\"gb-container gb-container-12234d19\">\n<div class=\"gb-container gb-container-49ed6144\">\n<div class=\"gb-container gb-container-5314c836\">\n\n<h3 class=\"gb-headline gb-headline-24bc4753\"><span class=\"gb-icon\"><svg viewBox=\"0 0 640 512\" xmlns=\"http:\/\/www.w3.org\/2000\/svg\" class=\"svg-inline--fa fa-laptop-code fa-w-20\" data-icon=\"laptop-code\" data-prefix=\"fas\" aria-hidden=\"true\"><path d=\"M255.03 261.65c6.25 6.25 16.38 6.25 22.63 0l11.31-11.31c6.25-6.25 6.25-16.38 0-22.63L253.25 192l35.71-35.72c6.25-6.25 6.25-16.38 0-22.63l-11.31-11.31c-6.25-6.25-16.38-6.25-22.63 0l-58.34 58.34c-6.25 6.25-6.25 16.38 0 22.63l58.35 58.34zm96.01-11.3l11.31 11.31c6.25 6.25 16.38 6.25 22.63 0l58.34-58.34c6.25-6.25 6.25-16.38 0-22.63l-58.34-58.34c-6.25-6.25-16.38-6.25-22.63 0l-11.31 11.31c-6.25 6.25-6.25 16.38 0 22.63L386.75 192l-35.71 35.72c-6.25 6.25-6.25 16.38 0 22.63zM624 416H381.54c-.74 19.81-14.71 32-32.74 32H288c-18.69 0-33.02-17.47-32.77-32H16c-8.8 0-16 7.2-16 16v16c0 35.2 28.8 64 64 64h512c35.2 0 64-28.8 64-64v-16c0-8.8-7.2-16-16-16zM576 48c0-26.4-21.6-48-48-48H112C85.6 0 64 21.6 64 48v336h512V48zm-64 272H128V64h384v256z\" fill=\"currentColor\"><\/path><\/svg><\/span><span class=\"gb-headline-text\">Website-Entwicklung<\/span><\/h3>\n\n\n\n<p>Wir entwickeln digitale Erlebnisse, die auf die einzigartige Identit\u00e4t und die Ziele Ihrer Marke zugeschnitten sind.\nVom eleganten Design bis zur nahtlosen Funktionalit\u00e4t liefern wir Websites, die fesseln und konvertieren. <\/p>\n\n\n\n<p class=\"gb-headline gb-headline-c5699eff\"><span class=\"gb-icon\"><svg aria-hidden=\"true\" height=\"1em\" width=\"1em\" viewBox=\"0 0 256 512\" xmlns=\"http:\/\/www.w3.org\/2000\/svg\"><path fill=\"currentColor\" d=\"M224.3 273l-136 136c-9.4 9.4-24.6 9.4-33.9 0l-22.6-22.6c-9.4-9.4-9.4-24.6 0-33.9l96.4-96.4-96.4-96.4c-9.4-9.4-9.4-24.6 0-33.9L54.3 103c9.4-9.4 24.6-9.4 33.9 0l136 136c9.5 9.4 9.5 24.6.1 34z\"><\/path><\/svg><\/span><span class=\"gb-headline-text\">Sorgf\u00e4ltiges Design: So gestaltet, dass es die Identit\u00e4t und den Anspruch Ihrer Marke widerspiegelt.<\/span><\/p>\n\n\n\n<p class=\"gb-headline gb-headline-2b04ed95\"><span class=\"gb-icon\"><svg aria-hidden=\"true\" height=\"1em\" width=\"1em\" viewBox=\"0 0 256 512\" xmlns=\"http:\/\/www.w3.org\/2000\/svg\"><path fill=\"currentColor\" d=\"M224.3 273l-136 136c-9.4 9.4-24.6 9.4-33.9 0l-22.6-22.6c-9.4-9.4-9.4-24.6 0-33.9l96.4-96.4-96.4-96.4c-9.4-9.4-9.4-24.6 0-33.9L54.3 103c9.4-9.4 24.6-9.4 33.9 0l136 136c9.5 9.4 9.5 24.6.1 34z\"><\/path><\/svg><\/span><span class=\"gb-headline-text\">Einwandfreie Funktionalit\u00e4t: Sicherstellung einer nahtlosen Leistung \u00fcber alle Plattformen hinweg.<\/span><\/p>\n\n\n\n<p class=\"gb-headline gb-headline-b8076b79\"><span class=\"gb-icon\"><svg aria-hidden=\"true\" height=\"1em\" width=\"1em\" viewBox=\"0 0 256 512\" xmlns=\"http:\/\/www.w3.org\/2000\/svg\"><path fill=\"currentColor\" d=\"M224.3 273l-136 136c-9.4 9.4-24.6 9.4-33.9 0l-22.6-22.6c-9.4-9.4-9.4-24.6 0-33.9l96.4-96.4-96.4-96.4c-9.4-9.4-9.4-24.6 0-33.9L54.3 103c9.4-9.4 24.6-9.4 33.9 0l136 136c9.5 9.4 9.5 24.6.1 34z\"><\/path><\/svg><\/span><span class=\"gb-headline-text\">Strategische Benutzererfahrung: Jedes Element wurde sorgf\u00e4ltig f\u00fcr eine optimale Nutzung entwickelt.<\/span><\/p>\n\n\n\n<a class=\"gb-button gb-button-2d8a0320\" href=\"https:\/\/systronlabs.com\/de\/dienstleistungen\/website-entwicklung\/\"><span class=\"gb-button-text\">Mehr lesen<\/span><span class=\"gb-icon\"><svg aria-hidden=\"true\" data-prefix=\"fas\" data-icon=\"long-arrow-alt-right\" class=\"svg-inline--fa fa-long-arrow-alt-right fa-w-14\" xmlns=\"http:\/\/www.w3.org\/2000\/svg\" viewBox=\"0 0 448 512\"><path fill=\"currentColor\" d=\"M313.941 216H12c-6.627 0-12 5.373-12 12v56c0 6.627 5.373 12 12 12h301.941v46.059c0 21.382 25.851 32.09 40.971 16.971l86.059-86.059c9.373-9.373 9.373-24.569 0-33.941l-86.059-86.059c-15.119-15.119-40.971-4.411-40.971 16.971V216z\"><\/path><\/svg><\/span><\/a>\n\n<\/div>\n\n<div class=\"gb-container gb-container-ee2e0eac\">\n\n<h3 class=\"gb-headline gb-headline-02fded74\"><span class=\"gb-icon\"><svg viewBox=\"0 0 512 512\" xmlns=\"http:\/\/www.w3.org\/2000\/svg\" class=\"svg-inline--fa fa-layer-group fa-w-16\" data-icon=\"layer-group\" data-prefix=\"fas\" aria-hidden=\"true\"><path d=\"M12.41 148.02l232.94 105.67c6.8 3.09 14.49 3.09 21.29 0l232.94-105.67c16.55-7.51 16.55-32.52 0-40.03L266.65 2.31a25.607 25.607 0 00-21.29 0L12.41 107.98c-16.55 7.51-16.55 32.53 0 40.04zm487.18 88.28l-58.09-26.33-161.64 73.27c-7.56 3.43-15.59 5.17-23.86 5.17s-16.29-1.74-23.86-5.17L70.51 209.97l-58.1 26.33c-16.55 7.5-16.55 32.5 0 40l232.94 105.59c6.8 3.08 14.49 3.08 21.29 0L499.59 276.3c16.55-7.5 16.55-32.5 0-40zm0 127.8l-57.87-26.23-161.86 73.37c-7.56 3.43-15.59 5.17-23.86 5.17s-16.29-1.74-23.86-5.17L70.29 337.87 12.41 364.1c-16.55 7.5-16.55 32.5 0 40l232.94 105.59c6.8 3.08 14.49 3.08 21.29 0L499.59 404.1c16.55-7.5 16.55-32.5 0-40z\" fill=\"currentColor\"><\/path><\/svg><\/span><span class=\"gb-headline-text\">Mobile App Entwicklung<\/span><\/h3>\n\n\n\n<p>Tauchen Sie ein in die Welt der mobilen App-Entwicklung mit unserem fachkundigen Service, bei dem wir Kreativit\u00e4t und Funktionalit\u00e4t vereinen, um fesselnde digitale Erlebnisse zu schaffen.<\/p>\n\n\n\n<p class=\"gb-headline gb-headline-3b87a41f\"><span class=\"gb-icon\"><svg aria-hidden=\"true\" height=\"1em\" width=\"1em\" viewBox=\"0 0 256 512\" xmlns=\"http:\/\/www.w3.org\/2000\/svg\"><path fill=\"currentColor\" d=\"M224.3 273l-136 136c-9.4 9.4-24.6 9.4-33.9 0l-22.6-22.6c-9.4-9.4-9.4-24.6 0-33.9l96.4-96.4-96.4-96.4c-9.4-9.4-9.4-24.6 0-33.9L54.3 103c9.4-9.4 24.6-9.4 33.9 0l136 136c9.5 9.4 9.5 24.6.1 34z\"><\/path><\/svg><\/span><span class=\"gb-headline-text\">Innovative Konzeptualisierung: Die Entwicklung von Apps, die mit der einzigartigen Identit\u00e4t und den Zielen Ihrer Marke \u00fcbereinstimmen.<\/span><\/p>\n\n\n\n<p class=\"gb-headline gb-headline-38588767\"><span class=\"gb-icon\"><svg aria-hidden=\"true\" height=\"1em\" width=\"1em\" viewBox=\"0 0 256 512\" xmlns=\"http:\/\/www.w3.org\/2000\/svg\"><path fill=\"currentColor\" d=\"M224.3 273l-136 136c-9.4 9.4-24.6 9.4-33.9 0l-22.6-22.6c-9.4-9.4-9.4-24.6 0-33.9l96.4-96.4-96.4-96.4c-9.4-9.4-9.4-24.6 0-33.9L54.3 103c9.4-9.4 24.6-9.4 33.9 0l136 136c9.5 9.4 9.5 24.6.1 34z\"><\/path><\/svg><\/span><span class=\"gb-headline-text\">Intuitives Design: Gew\u00e4hrleistung benutzerfreundlicher Oberfl\u00e4chen f\u00fcr eine verbesserte Benutzerfreundlichkeit.<\/span><\/p>\n\n\n\n<p class=\"gb-headline gb-headline-35e3c669\"><span class=\"gb-icon\"><svg aria-hidden=\"true\" height=\"1em\" width=\"1em\" viewBox=\"0 0 256 512\" xmlns=\"http:\/\/www.w3.org\/2000\/svg\"><path fill=\"currentColor\" d=\"M224.3 273l-136 136c-9.4 9.4-24.6 9.4-33.9 0l-22.6-22.6c-9.4-9.4-9.4-24.6 0-33.9l96.4-96.4-96.4-96.4c-9.4-9.4-9.4-24.6 0-33.9L54.3 103c9.4-9.4 24.6-9.4 33.9 0l136 136c9.5 9.4 9.5 24.6.1 34z\"><\/path><\/svg><\/span><span class=\"gb-headline-text\">Plattform\u00fcbergreifende Kompatibilit\u00e4t: Nahtlose Leistung auf verschiedenen Ger\u00e4ten und Betriebssystemen.<\/span><\/p>\n\n\n\n<a class=\"gb-button gb-button-9dfd59ec\" href=\"https:\/\/systronlabs.com\/de\/dienstleistungen\/mobile-app-entwicklung\/\"><span class=\"gb-button-text\">Mehr lesen<\/span><span class=\"gb-icon\"><svg aria-hidden=\"true\" data-prefix=\"fas\" data-icon=\"long-arrow-alt-right\" class=\"svg-inline--fa fa-long-arrow-alt-right fa-w-14\" xmlns=\"http:\/\/www.w3.org\/2000\/svg\" viewBox=\"0 0 448 512\"><path fill=\"currentColor\" d=\"M313.941 216H12c-6.627 0-12 5.373-12 12v56c0 6.627 5.373 12 12 12h301.941v46.059c0 21.382 25.851 32.09 40.971 16.971l86.059-86.059c9.373-9.373 9.373-24.569 0-33.941l-86.059-86.059c-15.119-15.119-40.971-4.411-40.971 16.971V216z\"><\/path><\/svg><\/span><\/a>\n\n<\/div>\n<\/div>\n<\/div>\n\n<div class=\"gb-container gb-container-3a5a7ff5\">\n<div class=\"gb-container gb-container-987849be\">\n<div class=\"gb-container gb-container-8521edea\">\n\n<h3 class=\"gb-headline gb-headline-d81ba349\"><span class=\"gb-icon\"><svg viewBox=\"0 0 448 512\" xmlns=\"http:\/\/www.w3.org\/2000\/svg\" class=\"svg-inline--fa fa-draw-polygon fa-w-14\" data-icon=\"draw-polygon\" data-prefix=\"fas\" aria-hidden=\"true\"><path d=\"M384 352c-.35 0-.67.1-1.02.1l-39.2-65.32c5.07-9.17 8.22-19.56 8.22-30.78s-3.14-21.61-8.22-30.78l39.2-65.32c.35.01.67.1 1.02.1 35.35 0 64-28.65 64-64s-28.65-64-64-64c-23.63 0-44.04 12.95-55.12 32H119.12C108.04 44.95 87.63 32 64 32 28.65 32 0 60.65 0 96c0 23.63 12.95 44.04 32 55.12v209.75C12.95 371.96 0 392.37 0 416c0 35.35 28.65 64 64 64 23.63 0 44.04-12.95 55.12-32h209.75c11.09 19.05 31.49 32 55.12 32 35.35 0 64-28.65 64-64 .01-35.35-28.64-64-63.99-64zm-288 8.88V151.12A63.825 63.825 0 00119.12 128h208.36l-38.46 64.1c-.35-.01-.67-.1-1.02-.1-35.35 0-64 28.65-64 64s28.65 64 64 64c.35 0 .67-.1 1.02-.1l38.46 64.1H119.12A63.748 63.748 0 0096 360.88zM272 256c0-8.82 7.18-16 16-16s16 7.18 16 16-7.18 16-16 16-16-7.18-16-16zM400 96c0 8.82-7.18 16-16 16s-16-7.18-16-16 7.18-16 16-16 16 7.18 16 16zM64 80c8.82 0 16 7.18 16 16s-7.18 16-16 16-16-7.18-16-16 7.18-16 16-16zM48 416c0-8.82 7.18-16 16-16s16 7.18 16 16-7.18 16-16 16-16-7.18-16-16zm336 16c-8.82 0-16-7.18-16-16s7.18-16 16-16 16 7.18 16 16-7.18 16-16 16z\" fill=\"currentColor\"><\/path><\/svg><\/span><span class=\"gb-headline-text\">Desktop-Anwendungen<\/span><\/h3>\n\n\n\n<p>Wir bieten umfassende Dienstleistungen zur Entwicklung von Desktop-Anwendungen, die auf die spezifischen Anforderungen Ihres Unternehmens zugeschnitten sind.\nUnser Expertenteam sorgt f\u00fcr robuste, benutzerfreundliche und leistungsstarke Anwendungen zur Steigerung der betrieblichen Effizienz. <\/p>\n\n\n\n<p class=\"gb-headline gb-headline-428d3653\"><span class=\"gb-icon\"><svg aria-hidden=\"true\" height=\"1em\" width=\"1em\" viewBox=\"0 0 256 512\" xmlns=\"http:\/\/www.w3.org\/2000\/svg\"><path fill=\"currentColor\" d=\"M224.3 273l-136 136c-9.4 9.4-24.6 9.4-33.9 0l-22.6-22.6c-9.4-9.4-9.4-24.6 0-33.9l96.4-96.4-96.4-96.4c-9.4-9.4-9.4-24.6 0-33.9L54.3 103c9.4-9.4 24.6-9.4 33.9 0l136 136c9.5 9.4 9.5 24.6.1 34z\"><\/path><\/svg><\/span><span class=\"gb-headline-text\">Design und Entwicklung kundenspezifischer Anwendungen.<\/span><\/p>\n\n\n\n<p class=\"gb-headline gb-headline-58c9bba1\"><span class=\"gb-icon\"><svg aria-hidden=\"true\" height=\"1em\" width=\"1em\" viewBox=\"0 0 256 512\" xmlns=\"http:\/\/www.w3.org\/2000\/svg\"><path fill=\"currentColor\" d=\"M224.3 273l-136 136c-9.4 9.4-24.6 9.4-33.9 0l-22.6-22.6c-9.4-9.4-9.4-24.6 0-33.9l96.4-96.4-96.4-96.4c-9.4-9.4-9.4-24.6 0-33.9L54.3 103c9.4-9.4 24.6-9.4 33.9 0l136 136c9.5 9.4 9.5 24.6.1 34z\"><\/path><\/svg><\/span><span class=\"gb-headline-text\">Nahtlose Integration in bestehende Systeme.<\/span><\/p>\n\n\n\n<p class=\"gb-headline gb-headline-1f5e3081\"><span class=\"gb-icon\"><svg aria-hidden=\"true\" height=\"1em\" width=\"1em\" viewBox=\"0 0 256 512\" xmlns=\"http:\/\/www.w3.org\/2000\/svg\"><path fill=\"currentColor\" d=\"M224.3 273l-136 136c-9.4 9.4-24.6 9.4-33.9 0l-22.6-22.6c-9.4-9.4-9.4-24.6 0-33.9l96.4-96.4-96.4-96.4c-9.4-9.4-9.4-24.6 0-33.9L54.3 103c9.4-9.4 24.6-9.4 33.9 0l136 136c9.5 9.4 9.5 24.6.1 34z\"><\/path><\/svg><\/span><span class=\"gb-headline-text\">Laufende Unterst\u00fctzung und Wartung.<\/span><\/p>\n\n\n<div class=\"gb-container gb-container-dfcfe3d3\">\n\n<a class=\"gb-button gb-button-8672a461\" href=\"https:\/\/systronlabs.com\/de\/dienstleistungen\/desktop-anwendungen\/\"><span class=\"gb-button-text\">Mehr lesen<\/span><span class=\"gb-icon\"><svg aria-hidden=\"true\" data-prefix=\"fas\" data-icon=\"long-arrow-alt-right\" class=\"svg-inline--fa fa-long-arrow-alt-right fa-w-14\" xmlns=\"http:\/\/www.w3.org\/2000\/svg\" viewBox=\"0 0 448 512\"><path fill=\"currentColor\" d=\"M313.941 216H12c-6.627 0-12 5.373-12 12v56c0 6.627 5.373 12 12 12h301.941v46.059c0 21.382 25.851 32.09 40.971 16.971l86.059-86.059c9.373-9.373 9.373-24.569 0-33.941l-86.059-86.059c-15.119-15.119-40.971-4.411-40.971 16.971V216z\"><\/path><\/svg><\/span><\/a>\n\n<\/div>\n<\/div>\n\n<div class=\"gb-container gb-container-2bb28011\">\n\n<h3 class=\"gb-headline gb-headline-55161413\"><span class=\"gb-icon\"><svg viewBox=\"0 0 512 512\" xmlns=\"http:\/\/www.w3.org\/2000\/svg\" class=\"svg-inline--fa fa-server fa-w-16\" data-icon=\"server\" data-prefix=\"fas\" aria-hidden=\"true\"><path d=\"M480 160H32c-17.673 0-32-14.327-32-32V64c0-17.673 14.327-32 32-32h448c17.673 0 32 14.327 32 32v64c0 17.673-14.327 32-32 32zm-48-88c-13.255 0-24 10.745-24 24s10.745 24 24 24 24-10.745 24-24-10.745-24-24-24zm-64 0c-13.255 0-24 10.745-24 24s10.745 24 24 24 24-10.745 24-24-10.745-24-24-24zm112 248H32c-17.673 0-32-14.327-32-32v-64c0-17.673 14.327-32 32-32h448c17.673 0 32 14.327 32 32v64c0 17.673-14.327 32-32 32zm-48-88c-13.255 0-24 10.745-24 24s10.745 24 24 24 24-10.745 24-24-10.745-24-24-24zm-64 0c-13.255 0-24 10.745-24 24s10.745 24 24 24 24-10.745 24-24-10.745-24-24-24zm112 248H32c-17.673 0-32-14.327-32-32v-64c0-17.673 14.327-32 32-32h448c17.673 0 32 14.327 32 32v64c0 17.673-14.327 32-32 32zm-48-88c-13.255 0-24 10.745-24 24s10.745 24 24 24 24-10.745 24-24-10.745-24-24-24zm-64 0c-13.255 0-24 10.745-24 24s10.745 24 24 24 24-10.745 24-24-10.745-24-24-24z\" fill=\"currentColor\"><\/path><\/svg><\/span><span class=\"gb-headline-text\">DevOps Dienstleistungen  <\/span><\/h3>\n\n\n\n<p>Wir bieten erstklassige DevOps-Services zur Rationalisierung Ihrer Entwicklungs- und Betriebsprozesse.\nUnser Team setzt die neuesten Tools und Praktiken ein, um eine kontinuierliche Integration, Lieferung und Bereitstellung zu gew\u00e4hrleisten, Ihre Produktivit\u00e4t zu steigern und die Zeit bis zur Markteinf\u00fchrung zu verk\u00fcrzen. <\/p>\n\n\n\n<p class=\"gb-headline gb-headline-930de825\"><span class=\"gb-icon\"><svg aria-hidden=\"true\" height=\"1em\" width=\"1em\" viewBox=\"0 0 256 512\" xmlns=\"http:\/\/www.w3.org\/2000\/svg\"><path fill=\"currentColor\" d=\"M224.3 273l-136 136c-9.4 9.4-24.6 9.4-33.9 0l-22.6-22.6c-9.4-9.4-9.4-24.6 0-33.9l96.4-96.4-96.4-96.4c-9.4-9.4-9.4-24.6 0-33.9L54.3 103c9.4-9.4 24.6-9.4 33.9 0l136 136c9.5 9.4 9.5 24.6.1 34z\"><\/path><\/svg><\/span><span class=\"gb-headline-text\">Automatisierte Bereitstellung und kontinuierliche Integration.<\/span><\/p>\n\n\n\n<p class=\"gb-headline gb-headline-4c2c8283\"><span class=\"gb-icon\"><svg aria-hidden=\"true\" height=\"1em\" width=\"1em\" viewBox=\"0 0 256 512\" xmlns=\"http:\/\/www.w3.org\/2000\/svg\"><path fill=\"currentColor\" d=\"M224.3 273l-136 136c-9.4 9.4-24.6 9.4-33.9 0l-22.6-22.6c-9.4-9.4-9.4-24.6 0-33.9l96.4-96.4-96.4-96.4c-9.4-9.4-9.4-24.6 0-33.9L54.3 103c9.4-9.4 24.6-9.4 33.9 0l136 136c9.5 9.4 9.5 24.6.1 34z\"><\/path><\/svg><\/span><span class=\"gb-headline-text\">Infrastruktur als Code f\u00fcr skalierbare Umgebungen.<\/span><\/p>\n\n\n\n<p class=\"gb-headline gb-headline-8158e95a\"><span class=\"gb-icon\"><svg aria-hidden=\"true\" height=\"1em\" width=\"1em\" viewBox=\"0 0 256 512\" xmlns=\"http:\/\/www.w3.org\/2000\/svg\"><path fill=\"currentColor\" d=\"M224.3 273l-136 136c-9.4 9.4-24.6 9.4-33.9 0l-22.6-22.6c-9.4-9.4-9.4-24.6 0-33.9l96.4-96.4-96.4-96.4c-9.4-9.4-9.4-24.6 0-33.9L54.3 103c9.4-9.4 24.6-9.4 33.9 0l136 136c9.5 9.4 9.5 24.6.1 34z\"><\/path><\/svg><\/span><span class=\"gb-headline-text\">\u00dcberwachung und Leistungsoptimierung in Echtzeit.<\/span><\/p>\n\n\n\n<a class=\"gb-button gb-button-90a42a9d\" href=\"https:\/\/systronlabs.com\/de\/dienstleistungen\/devops-dienstleistungen\/\"><span class=\"gb-button-text\">Mehr lesen<\/span><span class=\"gb-icon\"><svg aria-hidden=\"true\" data-prefix=\"fas\" data-icon=\"long-arrow-alt-right\" class=\"svg-inline--fa fa-long-arrow-alt-right fa-w-14\" xmlns=\"http:\/\/www.w3.org\/2000\/svg\" viewBox=\"0 0 448 512\"><path fill=\"currentColor\" d=\"M313.941 216H12c-6.627 0-12 5.373-12 12v56c0 6.627 5.373 12 12 12h301.941v46.059c0 21.382 25.851 32.09 40.971 16.971l86.059-86.059c9.373-9.373 9.373-24.569 0-33.941l-86.059-86.059c-15.119-15.119-40.971-4.411-40.971 16.971V216z\"><\/path><\/svg><\/span><\/a>\n\n<\/div>\n<\/div>\n<\/div>\n\n<div class=\"gb-container gb-container-5bab17c0\">\n<div class=\"gb-container gb-container-e7b3e4a1\">\n\n<div class=\"wp-block-group is-content-justification-center is-nowrap is-layout-flex wp-container-core-group-is-layout-94bc23d7 wp-block-group-is-layout-flex\"><\/div>\n\n<\/div>\n\n\n<h3 class=\"gb-headline gb-headline-63be62b1 gb-headline-text\">Neugierig, woran wir gearbeitet haben?<\/h3>\n\n\n\n<a class=\"gb-button gb-button-b4d8a0ac\" href=\"https:\/\/systronlabs.com\/de\/projekt\/mediglow-projekt-systron-labs\"><span class=\"gb-button-text\">Unsere neuesten Projekte<\/span><span class=\"gb-icon\"><svg aria-hidden=\"true\" data-prefix=\"fas\" data-icon=\"long-arrow-alt-right\" class=\"svg-inline--fa fa-long-arrow-alt-right fa-w-14\" xmlns=\"http:\/\/www.w3.org\/2000\/svg\" viewBox=\"0 0 448 512\"><path fill=\"currentColor\" d=\"M313.941 216H12c-6.627 0-12 5.373-12 12v56c0 6.627 5.373 12 12 12h301.941v46.059c0 21.382 25.851 32.09 40.971 16.971l86.059-86.059c9.373-9.373 9.373-24.569 0-33.941l-86.059-86.059c-15.119-15.119-40.971-4.411-40.971 16.971V216z\"><\/path><\/svg><\/span><\/a>\n\n<\/div>","protected":false},"excerpt":{"rendered":"<p>Wir helfen Unternehmen zu wachsen. Website-Entwicklung Wir entwickeln digitale Erlebnisse, die auf die einzigartige Identit\u00e4t und die Ziele Ihrer Marke zugeschnitten sind. Vom eleganten Design bis zur nahtlosen Funktionalit\u00e4t liefern wir Websites, die fesseln und konvertieren. Sorgf\u00e4ltiges Design: So gestaltet, dass es die Identit\u00e4t und den Anspruch Ihrer Marke widerspiegelt. Einwandfreie Funktionalit\u00e4t: Sicherstellung einer nahtlosen &#8230; <a title=\"Dienstleistungen\" class=\"read-more\" href=\"https:\/\/systronlabs.com\/de\/dienstleistungen\/\" aria-label=\"Mehr Informationen \u00fcber Dienstleistungen\">Weiterlesen &#8230;<\/a><\/p>\n","protected":false},"author":1,"featured_media":0,"parent":0,"menu_order":0,"comment_status":"closed","ping_status":"closed","template":"","meta":{"content-type":"","footnotes":""},"class_list":["post-20558","page","type-page","status-publish"],"_links":{"self":[{"href":"https:\/\/systronlabs.com\/de\/wp-json\/wp\/v2\/pages\/20558","targetHints":{"allow":["GET"]}}],"collection":[{"href":"https:\/\/systronlabs.com\/de\/wp-json\/wp\/v2\/pages"}],"about":[{"href":"https:\/\/systronlabs.com\/de\/wp-json\/wp\/v2\/types\/page"}],"author":[{"embeddable":true,"href":"https:\/\/systronlabs.com\/de\/wp-json\/wp\/v2\/users\/1"}],"replies":[{"embeddable":true,"href":"https:\/\/systronlabs.com\/de\/wp-json\/wp\/v2\/comments?post=20558"}],"version-history":[{"count":9,"href":"https:\/\/systronlabs.com\/de\/wp-json\/wp\/v2\/pages\/20558\/revisions"}],"predecessor-version":[{"id":21467,"href":"https:\/\/systronlabs.com\/de\/wp-json\/wp\/v2\/pages\/20558\/revisions\/21467"}],"wp:attachment":[{"href":"https:\/\/systronlabs.com\/de\/wp-json\/wp\/v2\/media?parent=20558"}],"curies":[{"name":"wp","href":"https:\/\/api.w.org\/{rel}","templated":true}]}}