{"id":20878,"date":"2024-09-07T04:32:09","date_gmt":"2024-09-07T04:32:09","guid":{"rendered":"https:\/\/systronlabs.com\/?page_id=20878"},"modified":"2024-12-17T12:35:13","modified_gmt":"2024-12-17T12:35:13","slug":"website-entwicklung","status":"publish","type":"page","link":"https:\/\/systronlabs.com\/de\/dienstleistungen\/website-entwicklung\/","title":{"rendered":"Website Entwicklung"},"content":{"rendered":"<div class=\"gb-container gb-container-5c07c700\">\r\n\r\n<div class=\"gb-container gb-container-feff97f1\">\r\n\r\n<div class=\"gb-container gb-container-8b2f8f2d\"><div class=\"gb-inside-container\">\r\n\r\n\r\n<h1 class=\"gb-headline gb-headline-4daea0d8 gb-headline-text\">Website-Entwicklung<\/h1>\r\n\r\n\r\n\r\n<p>Wir schaffen digitale Erlebnisse, die einzigartig auf die Identit\u00e4t und Ziele Ihrer Marke zugeschnitten sind. Von eleganten, optisch ansprechenden Designs bis hin zu nahtloser, leistungsstarker Funktionalit\u00e4t erstellen wir Websites, die nicht nur Ihr Publikum fesseln, sondern auch zu sinnvollen Conversions f\u00fchren.<\/p>\r\n\r\n\r\n\r\n<p>&nbsp;<\/p>\r\n\r\n\r\n\r\n<p>Jedes Element ist strategisch darauf ausgelegt, das Engagement zu steigern und sicherzustellen, dass Ihre digitale Pr\u00e4senz bei Ihrer Zielgruppe Anklang findet und den langfristigen Erfolg f\u00f6rdert.<\/p>\r\n<\/div><\/div>\r\n\r\n<div class=\"gb-container gb-container-a58776f7\"><div class=\"gb-inside-container\">\r\n\r\n\r\n<figure class=\"wp-block-image size-full\"><img loading=\"lazy\" decoding=\"async\" width=\"539\" height=\"438\" class=\"wp-image-20789\" style=\"object-fit: cover;\" src=\"https:\/\/systronlabs.com\/wp-content\/uploads\/2024\/09\/hero-img.png\" alt=\"\" srcset=\"https:\/\/systronlabs.com\/wp-content\/uploads\/2024\/09\/hero-img.png 539w, https:\/\/systronlabs.com\/wp-content\/uploads\/2024\/09\/hero-img-300x244.png 300w\" sizes=\"auto, (max-width: 539px) 100vw, 539px\" \/><\/figure>\r\n<\/div><\/div><\/div><\/div>\r\n\r\n<div class=\"gb-container gb-container-e7d244bb\">\r\n\r\n<div class=\"gb-container gb-container-93e3da37\">\r\n\r\n<div class=\"gb-container gb-container-7c6046f3\"><div class=\"gb-inside-container\">\r\n\r\n\r\n<figure class=\"wp-block-image size-full\"><img loading=\"lazy\" decoding=\"async\" width=\"529\" height=\"472\" class=\"wp-image-20852\" src=\"https:\/\/systronlabs.com\/wp-content\/uploads\/2024\/09\/9-97184_website-png-picture-website-design-and-web-development-1-removebg-preview.png\" alt=\"\" srcset=\"https:\/\/systronlabs.com\/wp-content\/uploads\/2024\/09\/9-97184_website-png-picture-website-design-and-web-development-1-removebg-preview.png 529w, https:\/\/systronlabs.com\/wp-content\/uploads\/2024\/09\/9-97184_website-png-picture-website-design-and-web-development-1-removebg-preview-300x268.png 300w\" sizes=\"auto, (max-width: 529px) 100vw, 529px\" \/><\/figure>\r\n<\/div><\/div>\r\n\r\n<div class=\"gb-container gb-container-18a63050\"><div class=\"gb-inside-container\">\r\n\r\n\r\n<h2 class=\"gb-headline gb-headline-b1812891 gb-headline-text\">St\u00e4rken Sie Ihre Marke mit modernster Technologie<\/h2>\r\n\r\n\r\n\r\n<p class=\"has-text-align-left\">Unser Engagement f\u00fcr Innovation bedeutet, dass Ihre Marke immer einen Schritt voraus ist. Wir nutzen die neuesten Technologien und Trends, um digitale L\u00f6sungen zu schaffen, die nicht nur aktuelle Standards erf\u00fcllen, sondern auch zuk\u00fcnftige Anforderungen antizipieren. Ob es um die Integration erweiterter Funktionen, die Verbesserung der Website-Geschwindigkeit oder die Verbesserung der Sicherheit geht, wir stellen sicher, dass Ihre digitalen Plattformen auf Langlebigkeit ausgelegt sind.<\/p>\r\n<\/div><\/div><\/div><\/div>\r\n\r\n<div class=\"gb-container gb-container-1ffb0b61\">\r\n\r\n<div class=\"gb-container gb-container-6ab4be82\">\r\n\r\n<div class=\"gb-container gb-container-b25023be\"><div class=\"gb-inside-container\">\r\n\r\n\r\n<h2 class=\"gb-headline gb-headline-d7fd9f9e gb-headline-text\">Ein kollaborativer Ansatz f\u00fcr maximale Wirkung<\/h2>\r\n\r\n\r\n\r\n<p>Wir glauben an die Zusammenarbeit in jedem Schritt des Prozesses. Von den ersten Brainstorming-Sitzungen bis zur endg\u00fcltigen Markteinf\u00fchrung arbeiten wir eng mit Ihrem Team zusammen, um sicherzustellen, dass das Endprodukt mit den Zielen Ihrer Marke \u00fcbereinstimmt. Ihr Feedback ist von unsch\u00e4tzbarem Wert und gemeinsam schaffen wir digitale Erlebnisse, die die Erwartungen \u00fcbertreffen.<\/p>\r\n<\/div><\/div>\r\n\r\n<div class=\"gb-container gb-container-30e2afa8\"><div class=\"gb-inside-container\">\r\n\r\n\r\n<figure class=\"wp-block-image size-full\"><img loading=\"lazy\" decoding=\"async\" width=\"1024\" height=\"768\" class=\"wp-image-20776\" src=\"https:\/\/systronlabs.com\/wp-content\/uploads\/2024\/09\/9.1.png\" alt=\"\" srcset=\"https:\/\/systronlabs.com\/wp-content\/uploads\/2024\/09\/9.1.png 1024w, https:\/\/systronlabs.com\/wp-content\/uploads\/2024\/09\/9.1-300x225.png 300w, https:\/\/systronlabs.com\/wp-content\/uploads\/2024\/09\/9.1-768x576.png 768w\" sizes=\"auto, (max-width: 1024px) 100vw, 1024px\" \/><\/figure>\r\n<\/div><\/div><\/div><\/div>\r\n\r\n<div class=\"gb-container gb-container-86aef39e\">\r\n\r\n<div class=\"gb-container gb-container-07d23fa7\">\r\n\r\n<div class=\"gb-container gb-container-dfdbb815\"><div class=\"gb-inside-container\">\r\n\r\n\r\n<figure class=\"wp-block-image size-full\"><img loading=\"lazy\" decoding=\"async\" width=\"440\" height=\"440\" class=\"wp-image-20778\" src=\"https:\/\/systronlabs.com\/wp-content\/uploads\/2024\/09\/plan-do-check-act-pdca.webp\" alt=\"\" srcset=\"https:\/\/systronlabs.com\/wp-content\/uploads\/2024\/09\/plan-do-check-act-pdca.webp 440w, https:\/\/systronlabs.com\/wp-content\/uploads\/2024\/09\/plan-do-check-act-pdca-300x300.webp 300w, https:\/\/systronlabs.com\/wp-content\/uploads\/2024\/09\/plan-do-check-act-pdca-150x150.webp 150w\" sizes=\"auto, (max-width: 440px) 100vw, 440px\" \/><\/figure>\r\n<\/div><\/div>\r\n\r\n<div class=\"gb-container gb-container-3701f828\"><div class=\"gb-inside-container\">\r\n\r\n\r\n<h2 class=\"gb-headline gb-headline-65ef863d gb-headline-text\">Kontinuierliche Unterst\u00fctzung f\u00fcr kontinuierlichen Erfolg<\/h2>\r\n\r\n\r\n\r\n<p class=\"has-text-align-left\">Unsere Beziehung endet nicht mit der Markteinf\u00fchrung. Wir bieten kontinuierlichen Support und Updates, um sicherzustellen, dass Ihre digitalen Plattformen weiterhin die beste Leistung erbringen. Ganz gleich, ob es um die Pflege Ihrer Website, die SEO-Optimierung oder die Implementierung neuer Funktionen geht, wir setzen uns daf\u00fcr ein, dass Ihr Unternehmen in der digitalen Welt erfolgreich ist.<\/p>\r\n<\/div><\/div><\/div><\/div>\r\n\r\n<div class=\"gb-container gb-container-9c403cf5\">\r\n\r\n<div class=\"gb-container gb-container-e43f1c0a\">\r\n\r\n<div class=\"gb-container gb-container-52f50c59\">\r\n\r\n\r\n<h2 class=\"gb-headline gb-headline-c00a4681 gb-headline-text\">Wie k\u00f6nnen wir Ihnen helfen?<\/h2>\r\n\r\n\r\n\r\n<p class=\"gb-headline gb-headline-9e196265 gb-headline-text\">Senden Sie uns eine E-Mail oder hinterlassen Sie eine Nachricht und wir werden so schnell wie m\u00f6glich antworten.<\/p>\r\n\r\n\r\n\r\n<h4 class=\"gb-headline gb-headline-e47894c2 gb-headline-text\">E-MAIL:<\/h4>\r\n\r\n\r\n\r\n<p><a href=\"mailto:hello@SystronLabs.com\">Hello@SystronLabs.com<\/a><\/p>\r\n\r\n\r\n\r\n<p>Gerne vernetzen wir uns auch in den sozialen Medien:<\/p>\r\n\r\n\r\n\r\n<p>&nbsp;<\/p>\r\n\r\n\r\n\r\n<p>&nbsp;<\/p>\r\n\r\n\r\n\r\n<p>&nbsp;<\/p>\r\n\r\n\r\n\r\n<p>&nbsp;<\/p>\r\n<\/div>\r\n\r\n<div class=\"gb-container gb-container-89bdcf87\">\r\n\r\n\r\n<p><script charset=\"utf-8\" type=\"text\/javascript\" src=\"\/\/js-eu1.hsforms.net\/forms\/embed\/v2.js\"><\/script> <script>\r\n  hbspt.forms.create({\r\n    region: \"eu1\",\r\n    portalId: \"144576617\",\r\n    formId: \"21e9ec6f-5585-4df6-b585-f78c796d192f\"\r\n  });\r\n<\/script><\/p>\r\n<\/div><\/div><\/div>","protected":false},"excerpt":{"rendered":"<p>Website-Entwicklung Wir schaffen digitale Erlebnisse, die einzigartig auf die Identit\u00e4t und Ziele Ihrer Marke zugeschnitten sind. Von eleganten, optisch ansprechenden Designs bis hin zu nahtloser, leistungsstarker Funktionalit\u00e4t erstellen wir Websites, die nicht nur Ihr Publikum fesseln, sondern auch zu sinnvollen Conversions f\u00fchren. &nbsp; Jedes Element ist strategisch darauf ausgelegt, das Engagement zu steigern und sicherzustellen, &#8230; <a title=\"Website Entwicklung\" class=\"read-more\" href=\"https:\/\/systronlabs.com\/de\/dienstleistungen\/website-entwicklung\/\" aria-label=\"Mehr Informationen \u00fcber Website Entwicklung\">Weiterlesen &#8230;<\/a><\/p>\n","protected":false},"author":1,"featured_media":0,"parent":20558,"menu_order":0,"comment_status":"closed","ping_status":"closed","template":"","meta":{"content-type":"","footnotes":""},"class_list":["post-20878","page","type-page","status-publish"],"_links":{"self":[{"href":"https:\/\/systronlabs.com\/de\/wp-json\/wp\/v2\/pages\/20878","targetHints":{"allow":["GET"]}}],"collection":[{"href":"https:\/\/systronlabs.com\/de\/wp-json\/wp\/v2\/pages"}],"about":[{"href":"https:\/\/systronlabs.com\/de\/wp-json\/wp\/v2\/types\/page"}],"author":[{"embeddable":true,"href":"https:\/\/systronlabs.com\/de\/wp-json\/wp\/v2\/users\/1"}],"replies":[{"embeddable":true,"href":"https:\/\/systronlabs.com\/de\/wp-json\/wp\/v2\/comments?post=20878"}],"version-history":[{"count":7,"href":"https:\/\/systronlabs.com\/de\/wp-json\/wp\/v2\/pages\/20878\/revisions"}],"predecessor-version":[{"id":21532,"href":"https:\/\/systronlabs.com\/de\/wp-json\/wp\/v2\/pages\/20878\/revisions\/21532"}],"up":[{"embeddable":true,"href":"https:\/\/systronlabs.com\/de\/wp-json\/wp\/v2\/pages\/20558"}],"wp:attachment":[{"href":"https:\/\/systronlabs.com\/de\/wp-json\/wp\/v2\/media?parent=20878"}],"curies":[{"name":"wp","href":"https:\/\/api.w.org\/{rel}","templated":true}]}}