{"id":20880,"date":"2024-09-07T06:08:44","date_gmt":"2024-09-07T06:08:44","guid":{"rendered":"https:\/\/systronlabs.com\/?page_id=20880"},"modified":"2024-12-17T12:37:57","modified_gmt":"2024-12-17T12:37:57","slug":"desktop-anwendungen","status":"publish","type":"page","link":"https:\/\/systronlabs.com\/de\/dienstleistungen\/desktop-anwendungen\/","title":{"rendered":"Desktop Anwendungen"},"content":{"rendered":"<div class=\"gb-container gb-container-5c07c700\">\r\n\r\n<div class=\"gb-container gb-container-feff97f1\">\r\n\r\n<div class=\"gb-container gb-container-8b2f8f2d\"><div class=\"gb-inside-container\">\r\n\r\n\r\n<h1 class=\"gb-headline gb-headline-4daea0d8 gb-headline-text\">Desktop Anwendungen<\/h1>\r\n\r\n\r\n\r\n<p>Wir bieten umfassende Entwicklungsdienste f\u00fcr Desktop-Anwendungen, die auf die individuellen Anforderungen Ihres Unternehmens zugeschnitten sind. Unser Expertenteam ist bestrebt, robuste, benutzerfreundliche und leistungsstarke Desktop-Anwendungen bereitzustellen, die die betriebliche Effizienz steigern und Ihre Gesch\u00e4ftsprozesse rationalisieren.<\/p>\r\n\r\n\r\n\r\n<p>&nbsp;<\/p>\r\n<\/div><\/div>\r\n\r\n<div class=\"gb-container gb-container-a58776f7\"><div class=\"gb-inside-container\">\r\n\r\n\r\n<figure class=\"wp-block-image size-full\"><img loading=\"lazy\" decoding=\"async\" width=\"600\" height=\"480\" class=\"wp-image-20829\" style=\"object-fit: cover;\" src=\"https:\/\/systronlabs.com\/wp-content\/uploads\/2024\/09\/76843-development-web-mobile-app-application-linux.png\" alt=\"\" srcset=\"https:\/\/systronlabs.com\/wp-content\/uploads\/2024\/09\/76843-development-web-mobile-app-application-linux.png 600w, https:\/\/systronlabs.com\/wp-content\/uploads\/2024\/09\/76843-development-web-mobile-app-application-linux-300x240.png 300w\" sizes=\"auto, (max-width: 600px) 100vw, 600px\" \/><\/figure>\r\n<\/div><\/div><\/div><\/div>\r\n\r\n<div class=\"gb-container gb-container-e7d244bb\">\r\n\r\n<div class=\"gb-container gb-container-93e3da37\">\r\n\r\n<div class=\"gb-container gb-container-7c6046f3\"><div class=\"gb-inside-container\">\r\n\r\n\r\n<figure class=\"wp-block-image size-full\"><img loading=\"lazy\" decoding=\"async\" width=\"1600\" height=\"1095\" class=\"wp-image-20831\" src=\"https:\/\/systronlabs.com\/wp-content\/uploads\/2024\/09\/ADD1.png\" alt=\"\" srcset=\"https:\/\/systronlabs.com\/wp-content\/uploads\/2024\/09\/ADD1.png 1600w, https:\/\/systronlabs.com\/wp-content\/uploads\/2024\/09\/ADD1-300x205.png 300w, https:\/\/systronlabs.com\/wp-content\/uploads\/2024\/09\/ADD1-1024x701.png 1024w, https:\/\/systronlabs.com\/wp-content\/uploads\/2024\/09\/ADD1-768x526.png 768w, https:\/\/systronlabs.com\/wp-content\/uploads\/2024\/09\/ADD1-1536x1051.png 1536w\" sizes=\"auto, (max-width: 1600px) 100vw, 1600px\" \/><\/figure>\r\n<\/div><\/div>\r\n\r\n<div class=\"gb-container gb-container-18a63050\"><div class=\"gb-inside-container\">\r\n\r\n\r\n<h2 class=\"gb-headline gb-headline-b1812891 gb-headline-text\">Benutzerdefiniertes Anwendungsdesign und -entwicklung<\/h2>\r\n\r\n\r\n\r\n<p class=\"has-text-align-left\">Wir sind auf die Erstellung individueller Desktop-Anwendungen spezialisiert, die perfekt auf Ihre Gesch\u00e4ftsziele abgestimmt sind. Jedes Detail, vom ersten Konzept bis zur endg\u00fcltigen Ausf\u00fchrung, ist darauf zugeschnitten, sowohl die Funktionalit\u00e4t als auch das Benutzererlebnis zu optimieren. Ganz gleich, ob Sie ein Tool zur Verwaltung komplexer Vorg\u00e4nge oder eine optimierte L\u00f6sung f\u00fcr die Kundeninteraktion ben\u00f6tigen: Wir entwickeln Anwendungen, die nicht nur robust, sondern auch intuitiv und einfach zu bedienen sind.<\/p>\r\n\r\n\r\n\r\n<h2 class=\"gb-headline gb-headline-764e67e8 gb-headline-text\">Ma\u00dfgeschneiderte L\u00f6sungen f\u00fcr Ihr Unternehmen<\/h2>\r\n\r\n\r\n\r\n<p class=\"has-text-align-left\">Kein Unternehmen gleicht dem anderen, und auch die Anwendungen, die wir entwickeln, sind es nicht. Wir nehmen uns die Zeit, Ihre individuellen Anforderungen und Herausforderungen zu verstehen und L\u00f6sungen zu entwickeln, die speziell auf Ihre Bed\u00fcrfnisse zugeschnitten sind. Unsere benutzerdefinierten Desktop-Anwendungen sind darauf ausgelegt, Ihren Arbeitsablauf zu verbessern, manuelle Prozesse zu reduzieren und die betriebliche Effizienz zu steigern, und das alles bei gleichzeitiger Bereitstellung einer einfach zu navigierenden Benutzeroberfl\u00e4che.<\/p>\r\n<\/div><\/div><\/div><\/div>\r\n\r\n<div class=\"gb-container gb-container-1ffb0b61\">\r\n\r\n<div class=\"gb-container gb-container-6ab4be82\">\r\n\r\n<div class=\"gb-container gb-container-b25023be\"><div class=\"gb-inside-container\">\r\n\r\n\r\n<h2 class=\"gb-headline gb-headline-d7fd9f9e gb-headline-text\">Optimierung der Benutzererfahrung<\/h2>\r\n\r\n\r\n\r\n<p>Bei einer gro\u00dfartigen Anwendung geht es nicht nur um Funktionalit\u00e4t; Es geht um die Erfahrung, die es den Benutzern bietet. Wir legen bei jeder von uns entwickelten Desktop-Anwendung Wert auf die Benutzererfahrung und stellen sicher, dass die Benutzeroberfl\u00e4che nicht nur funktional, sondern auch ansprechend und intuitiv ist. Indem wir uns auf die Benutzerfreundlichkeit konzentrieren, helfen wir Ihrem Team, effizienter zu arbeiten und die Lernkurve f\u00fcr neue Software zu verk\u00fcrzen.<\/p>\r\n\r\n\r\n\r\n<h2 class=\"gb-headline gb-headline-af8673f3 gb-headline-text\">Nahtlose Integration in bestehende Systeme<\/h2>\r\n\r\n\r\n\r\n<p>Unsere Desktop-Anwendungen sind so konzipiert, dass sie sich nahtlos in Ihr bestehendes digitales \u00d6kosystem einf\u00fcgen. Ganz gleich, ob Sie eine Verbindung zu Datenbanken, Drittanbieterdiensten oder internen Tools ben\u00f6tigen, unser Team sorgt daf\u00fcr, dass Ihre neue Anwendung reibungslos integriert wird. Dies erm\u00f6glicht einen koh\u00e4renten Arbeitsablauf und stellt sicher, dass Ihre Gesch\u00e4ftsabl\u00e4ufe unterbrechungsfrei ablaufen, wodurch die Produktivit\u00e4t auf ganzer Linie gesteigert wird.<\/p>\r\n<\/div><\/div>\r\n\r\n<div class=\"gb-container gb-container-30e2afa8\"><div class=\"gb-inside-container\">\r\n\r\n\r\n<figure class=\"wp-block-image size-full has-custom-border\"><img loading=\"lazy\" decoding=\"async\" width=\"1200\" height=\"1000\" class=\"wp-image-20833\" style=\"border-radius: 9px;\" src=\"https:\/\/systronlabs.com\/wp-content\/uploads\/2024\/09\/img_abacus01_mob.png\" alt=\"\" srcset=\"https:\/\/systronlabs.com\/wp-content\/uploads\/2024\/09\/img_abacus01_mob.png 1200w, https:\/\/systronlabs.com\/wp-content\/uploads\/2024\/09\/img_abacus01_mob-300x250.png 300w, https:\/\/systronlabs.com\/wp-content\/uploads\/2024\/09\/img_abacus01_mob-1024x853.png 1024w, https:\/\/systronlabs.com\/wp-content\/uploads\/2024\/09\/img_abacus01_mob-768x640.png 768w\" sizes=\"auto, (max-width: 1200px) 100vw, 1200px\" \/><\/figure>\r\n<\/div><\/div><\/div><\/div>\r\n\r\n<div class=\"gb-container gb-container-86aef39e\">\r\n\r\n<div class=\"gb-container gb-container-07d23fa7\">\r\n\r\n<div class=\"gb-container gb-container-dfdbb815\"><div class=\"gb-inside-container\">\r\n\r\n\r\n<figure class=\"wp-block-image size-full has-custom-border\"><img loading=\"lazy\" decoding=\"async\" width=\"614\" height=\"406\" class=\"wp-image-20858\" style=\"border-radius: 7px;\" src=\"https:\/\/systronlabs.com\/wp-content\/uploads\/2024\/09\/lukas-blazek-mcSDtbWXUZU-unsplash-2048x1356-removebg-preview.png\" alt=\"\" srcset=\"https:\/\/systronlabs.com\/wp-content\/uploads\/2024\/09\/lukas-blazek-mcSDtbWXUZU-unsplash-2048x1356-removebg-preview.png 614w, https:\/\/systronlabs.com\/wp-content\/uploads\/2024\/09\/lukas-blazek-mcSDtbWXUZU-unsplash-2048x1356-removebg-preview-300x198.png 300w\" sizes=\"auto, (max-width: 614px) 100vw, 614px\" \/><\/figure>\r\n<\/div><\/div>\r\n\r\n<div class=\"gb-container gb-container-3701f828\"><div class=\"gb-inside-container\">\r\n\r\n\r\n<h2 class=\"gb-headline gb-headline-65ef863d gb-headline-text\">Effiziente Datensynchronisierung<\/h2>\r\n\r\n\r\n\r\n<p class=\"has-text-align-left\">Integration ist mehr als nur die Verbindung von Systemen; Es geht darum sicherzustellen, dass die Daten reibungslos zwischen ihnen flie\u00dfen. Unsere Anwendungen unterst\u00fctzen eine effiziente Datensynchronisierung, sodass Ihr Unternehmen Echtzeitinformationen \u00fcber mehrere Plattformen hinweg nutzen kann. Dies stellt sicher, dass Sie schnell fundierte Entscheidungen treffen und ein hohes Ma\u00df an betrieblicher Effizienz aufrechterhalten k\u00f6nnen.<\/p>\r\n\r\n\r\n\r\n<h2 class=\"gb-headline gb-headline-660cee8d gb-headline-text\">Laufender Support und Wartung<\/h2>\r\n\r\n\r\n\r\n<p class=\"has-text-align-left\">Wir verstehen, dass Ihr Unternehmen auf stabile, leistungsstarke Software angewiesen ist. Deshalb endet unser Engagement f\u00fcr Sie nicht mit der Bereitstellung. Wir bieten fortlaufenden Support und Wartung, um sicherzustellen, dass Ihre Desktop-Anwendungen weiterhin optimal funktionieren. Von regelm\u00e4\u00dfigen Updates bis hin zur Fehlerbehebung und Sicherheitsverbesserungen sind wir f\u00fcr den reibungslosen Betrieb Ihrer Systeme da, w\u00e4hrend Ihr Unternehmen w\u00e4chst und sich weiterentwickelt.<\/p>\r\n<\/div><\/div><\/div><\/div>\r\n\r\n<div class=\"gb-container gb-container-9c403cf5\">\r\n\r\n<div class=\"gb-container gb-container-e43f1c0a\">\r\n\r\n<div class=\"gb-container gb-container-52f50c59\">\r\n\r\n\r\n<h2 class=\"gb-headline gb-headline-c00a4681 gb-headline-text\">Wie k\u00f6nnen wir Ihnen helfen?<\/h2>\r\n\r\n\r\n\r\n<p class=\"gb-headline gb-headline-9e196265 gb-headline-text\">Senden Sie uns eine E-Mail oder hinterlassen Sie eine Nachricht und wir werden so schnell wie m\u00f6glich antworten.<\/p>\r\n\r\n\r\n\r\n<h4 class=\"gb-headline gb-headline-e47894c2 gb-headline-text\">E-MAIL:<\/h4>\r\n\r\n\r\n\r\n<p><a href=\"mailto:hello@SystronLabs.com\">Hello@SystronLabs.com<\/a><\/p>\r\n\r\n\r\n\r\n<p>Gerne vernetzen wir uns auch in den sozialen Medien:<\/p>\r\n\r\n\r\n\r\n<p>&nbsp;<\/p>\r\n\r\n\r\n\r\n<p>&nbsp;<\/p>\r\n\r\n\r\n\r\n<p>&nbsp;<\/p>\r\n\r\n\r\n\r\n<p>&nbsp;<\/p>\r\n<\/div>\r\n\r\n<div class=\"gb-container gb-container-89bdcf87\">\r\n\r\n\r\n<p><script charset=\"utf-8\" type=\"text\/javascript\" src=\"\/\/js-eu1.hsforms.net\/forms\/embed\/v2.js\"><\/script> <script>\r\n  hbspt.forms.create({\r\n    region: \"eu1\",\r\n    portalId: \"144576617\",\r\n    formId: \"21e9ec6f-5585-4df6-b585-f78c796d192f\"\r\n  });\r\n<\/script><\/p>\r\n<\/div><\/div><\/div>","protected":false},"excerpt":{"rendered":"<p>Desktop Anwendungen Wir bieten umfassende Entwicklungsdienste f\u00fcr Desktop-Anwendungen, die auf die individuellen Anforderungen Ihres Unternehmens zugeschnitten sind. Unser Expertenteam ist bestrebt, robuste, benutzerfreundliche und leistungsstarke Desktop-Anwendungen bereitzustellen, die die betriebliche Effizienz steigern und Ihre Gesch\u00e4ftsprozesse rationalisieren. &nbsp; Benutzerdefiniertes Anwendungsdesign und -entwicklung Wir sind auf die Erstellung individueller Desktop-Anwendungen spezialisiert, die perfekt auf Ihre Gesch\u00e4ftsziele abgestimmt &#8230; <a title=\"Desktop Anwendungen\" class=\"read-more\" href=\"https:\/\/systronlabs.com\/de\/dienstleistungen\/desktop-anwendungen\/\" aria-label=\"Mehr Informationen \u00fcber Desktop Anwendungen\">Weiterlesen &#8230;<\/a><\/p>\n","protected":false},"author":1,"featured_media":0,"parent":20558,"menu_order":0,"comment_status":"closed","ping_status":"closed","template":"","meta":{"content-type":"","footnotes":""},"class_list":["post-20880","page","type-page","status-publish"],"_links":{"self":[{"href":"https:\/\/systronlabs.com\/de\/wp-json\/wp\/v2\/pages\/20880","targetHints":{"allow":["GET"]}}],"collection":[{"href":"https:\/\/systronlabs.com\/de\/wp-json\/wp\/v2\/pages"}],"about":[{"href":"https:\/\/systronlabs.com\/de\/wp-json\/wp\/v2\/types\/page"}],"author":[{"embeddable":true,"href":"https:\/\/systronlabs.com\/de\/wp-json\/wp\/v2\/users\/1"}],"replies":[{"embeddable":true,"href":"https:\/\/systronlabs.com\/de\/wp-json\/wp\/v2\/comments?post=20880"}],"version-history":[{"count":6,"href":"https:\/\/systronlabs.com\/de\/wp-json\/wp\/v2\/pages\/20880\/revisions"}],"predecessor-version":[{"id":21533,"href":"https:\/\/systronlabs.com\/de\/wp-json\/wp\/v2\/pages\/20880\/revisions\/21533"}],"up":[{"embeddable":true,"href":"https:\/\/systronlabs.com\/de\/wp-json\/wp\/v2\/pages\/20558"}],"wp:attachment":[{"href":"https:\/\/systronlabs.com\/de\/wp-json\/wp\/v2\/media?parent=20880"}],"curies":[{"name":"wp","href":"https:\/\/api.w.org\/{rel}","templated":true}]}}