{"id":20882,"date":"2024-09-07T06:22:40","date_gmt":"2024-09-07T06:22:40","guid":{"rendered":"https:\/\/systronlabs.com\/?page_id=20882"},"modified":"2024-12-17T12:39:04","modified_gmt":"2024-12-17T12:39:04","slug":"devops-dienstleistungen","status":"publish","type":"page","link":"https:\/\/systronlabs.com\/de\/dienstleistungen\/devops-dienstleistungen\/","title":{"rendered":"DevOps Dienstleistungen"},"content":{"rendered":"<div class=\"gb-container gb-container-5c07c700\">\r\n\r\n<div class=\"gb-container gb-container-feff97f1\">\r\n\r\n<div class=\"gb-container gb-container-8b2f8f2d\"><div class=\"gb-inside-container\">\r\n\r\n\r\n<h1 class=\"gb-headline gb-headline-4daea0d8 gb-headline-text\">DevOps Dienstleistungen<\/h1>\r\n\r\n\r\n\r\n<p>Wir bieten erstklassige DevOps-Services, die darauf ausgelegt sind, Ihre Entwicklungs- und Betriebsprozesse zu optimieren und sicherzustellen, dass Ihr Unternehmen eine schnellere und effizientere Softwarebereitstellung erreichen kann. Durch den Einsatz der neuesten Tools und Verfahren optimieren wir Ihre Arbeitsabl\u00e4ufe f\u00fcr kontinuierliche Integration, Bereitstellung und Bereitstellung und steigern so letztendlich Ihre Produktivit\u00e4t und verk\u00fcrzen die Markteinf\u00fchrungszeit.<\/p>\r\n\r\n\r\n\r\n<p>&nbsp;<\/p>\r\n<\/div><\/div>\r\n\r\n<div class=\"gb-container gb-container-a58776f7\"><div class=\"gb-inside-container\">\r\n\r\n\r\n<figure class=\"wp-block-image size-full\"><img loading=\"lazy\" decoding=\"async\" width=\"5834\" height=\"3334\" class=\"wp-image-20842\" style=\"object-fit: cover;\" src=\"https:\/\/systronlabs.com\/wp-content\/uploads\/2024\/09\/DevOps-Managed-Services_1.png\" alt=\"\" srcset=\"https:\/\/systronlabs.com\/wp-content\/uploads\/2024\/09\/DevOps-Managed-Services_1.png 5834w, https:\/\/systronlabs.com\/wp-content\/uploads\/2024\/09\/DevOps-Managed-Services_1-300x171.png 300w, https:\/\/systronlabs.com\/wp-content\/uploads\/2024\/09\/DevOps-Managed-Services_1-1024x585.png 1024w, https:\/\/systronlabs.com\/wp-content\/uploads\/2024\/09\/DevOps-Managed-Services_1-768x439.png 768w, https:\/\/systronlabs.com\/wp-content\/uploads\/2024\/09\/DevOps-Managed-Services_1-1536x878.png 1536w, https:\/\/systronlabs.com\/wp-content\/uploads\/2024\/09\/DevOps-Managed-Services_1-2048x1170.png 2048w\" sizes=\"auto, (max-width: 5834px) 100vw, 5834px\" \/><\/figure>\r\n<\/div><\/div><\/div><\/div>\r\n\r\n<div class=\"gb-container gb-container-e7d244bb\">\r\n\r\n<div class=\"gb-container gb-container-93e3da37\">\r\n\r\n<div class=\"gb-container gb-container-7c6046f3\"><div class=\"gb-inside-container\">\r\n\r\n\r\n<figure class=\"wp-block-image size-full\"><img loading=\"lazy\" decoding=\"async\" width=\"1024\" height=\"640\" class=\"wp-image-20845\" src=\"https:\/\/systronlabs.com\/wp-content\/uploads\/2024\/09\/Release_and_Deployment_Management_Software_0_Features_Array_Item_-_features_item_image.webp\" alt=\"\" srcset=\"https:\/\/systronlabs.com\/wp-content\/uploads\/2024\/09\/Release_and_Deployment_Management_Software_0_Features_Array_Item_-_features_item_image.webp 1024w, https:\/\/systronlabs.com\/wp-content\/uploads\/2024\/09\/Release_and_Deployment_Management_Software_0_Features_Array_Item_-_features_item_image-300x188.webp 300w, https:\/\/systronlabs.com\/wp-content\/uploads\/2024\/09\/Release_and_Deployment_Management_Software_0_Features_Array_Item_-_features_item_image-768x480.webp 768w\" sizes=\"auto, (max-width: 1024px) 100vw, 1024px\" \/><\/figure>\r\n<\/div><\/div>\r\n\r\n<div class=\"gb-container gb-container-18a63050\"><div class=\"gb-inside-container\">\r\n\r\n\r\n<h2 class=\"gb-headline gb-headline-b1812891 gb-headline-text\">Automatisierte Bereitstellung und kontinuierliche Integration<\/h2>\r\n\r\n\r\n\r\n<p class=\"has-text-align-left\">Unsere DevOps-Dienste umfassen automatisierte Bereitstellung und kontinuierliche Integration, wodurch manuelle Fehler vermieden und Ihr Entwicklungszyklus beschleunigt werden. Durch die Automatisierung von Test-, Erstellungs- und Bereitstellungsprozessen helfen wir Ihrem Team, neue Funktionen und Updates schnell und konsistent zu ver\u00f6ffentlichen. Dadurch stellen Sie sicher, dass Ihre Software immer auf dem neuesten Stand ist und den Anforderungen Ihrer Kunden gerecht wird.<\/p>\r\n\r\n\r\n\r\n<h2 class=\"gb-headline gb-headline-764e67e8 gb-headline-text\">Infrastruktur als Code f\u00fcr skalierbare Umgebungen<\/h2>\r\n\r\n\r\n\r\n<p class=\"has-text-align-left\">Wir verfolgen das Konzept von Infrastructure as Code (IaC), das uns die einfache Erstellung und Verwaltung skalierbarer Umgebungen erm\u00f6glicht. Durch die Definition Ihrer Infrastruktur im Code erm\u00f6glichen wir eine automatisierte Bereitstellung, Skalierung und Konfigurationsverwaltung, wodurch Ihre Systeme robuster und einfacher zu warten sind. Dieser Ansatz reduziert die Komplexit\u00e4t der Verwaltung gro\u00dfer Umgebungen und gew\u00e4hrleistet Konsistenz \u00fcber alle Phasen der Entwicklung und Produktion hinweg.<\/p>\r\n<\/div><\/div><\/div><\/div>\r\n\r\n<div class=\"gb-container gb-container-1ffb0b61\">\r\n\r\n<div class=\"gb-container gb-container-6ab4be82\">\r\n\r\n<div class=\"gb-container gb-container-b25023be\"><div class=\"gb-inside-container\">\r\n\r\n\r\n<h2 class=\"gb-headline gb-headline-d7fd9f9e gb-headline-text\">Optimierung der Bereitstellungspipelines<\/h2>\r\n\r\n\r\n\r\n<p>Effizienz ist in der heutigen schnelllebigen Entwicklungswelt von entscheidender Bedeutung. Wir konzentrieren uns auf die Optimierung Ihrer Bereitstellungspipelines, um schnellere und reibungslosere Software-Releases zu gew\u00e4hrleisten. Durch die Verfeinerung der Prozesse, die Ihren Code von der Entwicklung zur Produktion bewegen, tragen wir dazu bei, Ausfallzeiten zu minimieren und sicherzustellen, dass neue Funktionen schnell und zuverl\u00e4ssig bereitgestellt werden, sodass Ihr Unternehmen auf dem Markt wettbewerbsf\u00e4hig bleibt.<\/p>\r\n\r\n\r\n\r\n<h2 class=\"gb-headline gb-headline-af8673f3 gb-headline-text\">Echtzeit\u00fcberwachung und Leistungsoptimierung<\/h2>\r\n\r\n\r\n\r\n<p>Unsere DevOps-Dienste h\u00f6ren nicht bei der Bereitstellung auf. Wir bieten Echtzeit\u00fcberwachung und Leistungsoptimierung, um sicherzustellen, dass Ihre Anwendungen mit H\u00f6chstleistung laufen. Mit proaktiver \u00dcberwachung und Analyse identifizieren wir potenzielle Probleme, bevor sie sich auf Ihre Benutzer auswirken, und stellen so sicher, dass Ihre Systeme jederzeit stabil, sicher und effizient bleiben.<\/p>\r\n<\/div><\/div>\r\n\r\n<div class=\"gb-container gb-container-30e2afa8\"><div class=\"gb-inside-container\">\r\n\r\n\r\n<figure class=\"wp-block-image size-full has-custom-border\"><img loading=\"lazy\" decoding=\"async\" width=\"906\" height=\"714\" class=\"wp-image-20847\" style=\"border-radius: 9px;\" src=\"https:\/\/systronlabs.com\/wp-content\/uploads\/2024\/09\/CORE.webp\" alt=\"\" srcset=\"https:\/\/systronlabs.com\/wp-content\/uploads\/2024\/09\/CORE.webp 906w, https:\/\/systronlabs.com\/wp-content\/uploads\/2024\/09\/CORE-300x236.webp 300w, https:\/\/systronlabs.com\/wp-content\/uploads\/2024\/09\/CORE-768x605.webp 768w\" sizes=\"auto, (max-width: 906px) 100vw, 906px\" \/><\/figure>\r\n<\/div><\/div><\/div><\/div>\r\n\r\n<div class=\"gb-container gb-container-86aef39e\">\r\n\r\n<div class=\"gb-container gb-container-07d23fa7\">\r\n\r\n<div class=\"gb-container gb-container-dfdbb815\"><div class=\"gb-inside-container\">\r\n\r\n\r\n<figure class=\"wp-block-image size-full has-custom-border\"><img loading=\"lazy\" decoding=\"async\" width=\"645\" height=\"387\" class=\"wp-image-20855\" style=\"border-radius: 7px;\" src=\"https:\/\/systronlabs.com\/wp-content\/uploads\/2024\/09\/2d6df4eefe129326e20d59a81e9076bb-2048x1230-removebg-preview.png\" alt=\"\" srcset=\"https:\/\/systronlabs.com\/wp-content\/uploads\/2024\/09\/2d6df4eefe129326e20d59a81e9076bb-2048x1230-removebg-preview.png 645w, https:\/\/systronlabs.com\/wp-content\/uploads\/2024\/09\/2d6df4eefe129326e20d59a81e9076bb-2048x1230-removebg-preview-300x180.png 300w\" sizes=\"auto, (max-width: 645px) 100vw, 645px\" \/><\/figure>\r\n<\/div><\/div>\r\n\r\n<div class=\"gb-container gb-container-3701f828\"><div class=\"gb-inside-container\">\r\n\r\n\r\n<h2 class=\"gb-headline gb-headline-65ef863d gb-headline-text\">Skalierbare und belastbare Infrastruktur<\/h2>\r\n\r\n\r\n\r\n<p class=\"has-text-align-left\">In einer dynamischen digitalen Landschaft muss Ihre Infrastruktur sowohl skalierbar als auch belastbar sein. Wir entwerfen und implementieren Systeme, die mit Ihrem Unternehmen wachsen k\u00f6nnen und je nach Bedarf automatisch vergr\u00f6\u00dfert oder verkleinert werden. Dadurch wird sichergestellt, dass Ihre Anwendungen auch bei Verkehrsspitzen oder unerwarteten Laststeigerungen reaktionsf\u00e4hig und verf\u00fcgbar bleiben.<\/p>\r\n\r\n\r\n\r\n<h2 class=\"gb-headline gb-headline-660cee8d gb-headline-text\">Kontinuierliche Unterst\u00fctzung und kontinuierliche Verbesserung<\/h2>\r\n\r\n\r\n\r\n<p class=\"has-text-align-left\">Unser Engagement f\u00fcr Ihren Erfolg geht \u00fcber die erste Implementierung hinaus. Wir bieten fortlaufende Unterst\u00fctzung und kontinuierliche Verbesserung Ihrer DevOps-Prozesse und stellen so sicher, dass Ihre Systeme stets f\u00fcr Spitzenleistungen optimiert sind. Ob es um die Feinabstimmung Ihrer Pipelines, die Verbesserung der Sicherheit oder die Anpassung an neue Technologien geht, wir sind hier, um Ihnen dabei zu helfen, in der sich st\u00e4ndig weiterentwickelnden digitalen Welt die Nase vorn zu behalten.<\/p>\r\n<\/div><\/div><\/div><\/div>\r\n\r\n<div class=\"gb-container gb-container-9c403cf5\">\r\n\r\n<div class=\"gb-container gb-container-e43f1c0a\">\r\n\r\n<div class=\"gb-container gb-container-52f50c59\">\r\n\r\n\r\n<h2 class=\"gb-headline gb-headline-c00a4681 gb-headline-text\">Wie k\u00f6nnen wir Ihnen helfen?<\/h2>\r\n\r\n\r\n\r\n<p class=\"gb-headline gb-headline-9e196265 gb-headline-text\">Senden Sie uns eine E-Mail oder hinterlassen Sie eine Nachricht und wir werden so schnell wie m\u00f6glich antworten.<\/p>\r\n\r\n\r\n\r\n<h4 class=\"gb-headline gb-headline-e47894c2 gb-headline-text\">E-MAIL:<\/h4>\r\n\r\n\r\n\r\n<p><a href=\"mailto:hello@SystronLabs.com\">Hello@SystronLabs.com<\/a><\/p>\r\n\r\n\r\n\r\n<p>Gerne vernetzen wir uns auch in den sozialen Medien:<\/p>\r\n\r\n\r\n\r\n<p>&nbsp;<\/p>\r\n\r\n\r\n\r\n<p>&nbsp;<\/p>\r\n\r\n\r\n\r\n<p>&nbsp;<\/p>\r\n\r\n\r\n\r\n<p>&nbsp;<\/p>\r\n<\/div>\r\n\r\n<div class=\"gb-container gb-container-89bdcf87\">\r\n\r\n\r\n<p><script charset=\"utf-8\" type=\"text\/javascript\" src=\"\/\/js-eu1.hsforms.net\/forms\/embed\/v2.js\"><\/script> <script>\r\n  hbspt.forms.create({\r\n    region: \"eu1\",\r\n    portalId: \"144576617\",\r\n    formId: \"21e9ec6f-5585-4df6-b585-f78c796d192f\"\r\n  });\r\n<\/script><\/p>\r\n<\/div><\/div><\/div>","protected":false},"excerpt":{"rendered":"<p>DevOps Dienstleistungen Wir bieten erstklassige DevOps-Services, die darauf ausgelegt sind, Ihre Entwicklungs- und Betriebsprozesse zu optimieren und sicherzustellen, dass Ihr Unternehmen eine schnellere und effizientere Softwarebereitstellung erreichen kann. Durch den Einsatz der neuesten Tools und Verfahren optimieren wir Ihre Arbeitsabl\u00e4ufe f\u00fcr kontinuierliche Integration, Bereitstellung und Bereitstellung und steigern so letztendlich Ihre Produktivit\u00e4t und verk\u00fcrzen die &#8230; <a title=\"DevOps Dienstleistungen\" class=\"read-more\" href=\"https:\/\/systronlabs.com\/de\/dienstleistungen\/devops-dienstleistungen\/\" aria-label=\"Mehr Informationen \u00fcber DevOps Dienstleistungen\">Weiterlesen &#8230;<\/a><\/p>\n","protected":false},"author":1,"featured_media":0,"parent":20558,"menu_order":0,"comment_status":"closed","ping_status":"closed","template":"","meta":{"content-type":"","footnotes":""},"class_list":["post-20882","page","type-page","status-publish"],"_links":{"self":[{"href":"https:\/\/systronlabs.com\/de\/wp-json\/wp\/v2\/pages\/20882","targetHints":{"allow":["GET"]}}],"collection":[{"href":"https:\/\/systronlabs.com\/de\/wp-json\/wp\/v2\/pages"}],"about":[{"href":"https:\/\/systronlabs.com\/de\/wp-json\/wp\/v2\/types\/page"}],"author":[{"embeddable":true,"href":"https:\/\/systronlabs.com\/de\/wp-json\/wp\/v2\/users\/1"}],"replies":[{"embeddable":true,"href":"https:\/\/systronlabs.com\/de\/wp-json\/wp\/v2\/comments?post=20882"}],"version-history":[{"count":6,"href":"https:\/\/systronlabs.com\/de\/wp-json\/wp\/v2\/pages\/20882\/revisions"}],"predecessor-version":[{"id":21535,"href":"https:\/\/systronlabs.com\/de\/wp-json\/wp\/v2\/pages\/20882\/revisions\/21535"}],"up":[{"embeddable":true,"href":"https:\/\/systronlabs.com\/de\/wp-json\/wp\/v2\/pages\/20558"}],"wp:attachment":[{"href":"https:\/\/systronlabs.com\/de\/wp-json\/wp\/v2\/media?parent=20882"}],"curies":[{"name":"wp","href":"https:\/\/api.w.org\/{rel}","templated":true}]}}