{"id":20887,"date":"2024-09-07T07:34:05","date_gmt":"2024-09-07T07:34:05","guid":{"rendered":"https:\/\/systronlabs.com\/?page_id=20887"},"modified":"2024-12-17T12:37:00","modified_gmt":"2024-12-17T12:37:00","slug":"mobile-app-entwicklung","status":"publish","type":"page","link":"https:\/\/systronlabs.com\/de\/dienstleistungen\/mobile-app-entwicklung\/","title":{"rendered":"Mobile App Entwicklung"},"content":{"rendered":"<div class=\"gb-container gb-container-5c07c700\">\r\n\r\n<div class=\"gb-container gb-container-feff97f1\">\r\n\r\n<div class=\"gb-container gb-container-8b2f8f2d\"><div class=\"gb-inside-container\">\r\n\r\n\r\n<h1 class=\"gb-headline gb-headline-4daea0d8 gb-headline-text\">Mobile App Entwicklung<\/h1>\r\n\r\n\r\n\r\n<p>In unserem digitalen IT-Unternehmen bieten wir umfassende Entwicklungsdienste f\u00fcr mobile Apps an, die darauf ausgelegt sind, Ihre Vision in ein leistungsstarkes digitales Erlebnis zu verwandeln. Wir kombinieren Kreativit\u00e4t und fortschrittliche Technologie, um Apps zu entwickeln, die die einzigartige Identit\u00e4t Ihrer Marke widerspiegeln und gleichzeitig au\u00dfergew\u00f6hnliche Funktionalit\u00e4t bieten. Unser Ansatz konzentriert sich von der Konzeption bis zur Markteinf\u00fchrung auf die Entwicklung benutzerfreundlicher, intuitiver Apps, die Ihr Publikum ansprechen und nahtlos auf mehreren Plattformen funktionieren.<\/p>\r\n\r\n\r\n\r\n<p>&nbsp;<\/p>\r\n<\/div><\/div>\r\n\r\n<div class=\"gb-container gb-container-a58776f7\"><div class=\"gb-inside-container\">\r\n\r\n\r\n<figure class=\"wp-block-image size-full\"><img loading=\"lazy\" decoding=\"async\" width=\"656\" height=\"485\" class=\"wp-image-20814\" style=\"object-fit: cover;\" src=\"https:\/\/systronlabs.com\/wp-content\/uploads\/2024\/09\/IOS-Developer-1.png\" alt=\"\" srcset=\"https:\/\/systronlabs.com\/wp-content\/uploads\/2024\/09\/IOS-Developer-1.png 656w, https:\/\/systronlabs.com\/wp-content\/uploads\/2024\/09\/IOS-Developer-1-300x222.png 300w\" sizes=\"auto, (max-width: 656px) 100vw, 656px\" \/><\/figure>\r\n<\/div><\/div><\/div><\/div>\r\n\r\n<div class=\"gb-container gb-container-e7d244bb\">\r\n\r\n<div class=\"gb-container gb-container-93e3da37\">\r\n\r\n<div class=\"gb-container gb-container-7c6046f3\"><div class=\"gb-inside-container\">\r\n\r\n\r\n<figure class=\"wp-block-image size-full\"><img loading=\"lazy\" decoding=\"async\" width=\"512\" height=\"512\" class=\"wp-image-20812\" src=\"https:\/\/systronlabs.com\/wp-content\/uploads\/2024\/09\/6470993.png\" alt=\"\" srcset=\"https:\/\/systronlabs.com\/wp-content\/uploads\/2024\/09\/6470993.png 512w, https:\/\/systronlabs.com\/wp-content\/uploads\/2024\/09\/6470993-300x300.png 300w, https:\/\/systronlabs.com\/wp-content\/uploads\/2024\/09\/6470993-150x150.png 150w\" sizes=\"auto, (max-width: 512px) 100vw, 512px\" \/><\/figure>\r\n<\/div><\/div>\r\n\r\n<div class=\"gb-container gb-container-18a63050\"><div class=\"gb-inside-container\">\r\n\r\n\r\n<h2 class=\"gb-headline gb-headline-b1812891 gb-headline-text\">Benutzerdefinierte App-Entwicklung<\/h2>\r\n\r\n\r\n\r\n<p class=\"has-text-align-left\">Entdecken Sie die Welt der mobilen App-Entwicklung mit unseren Expertendiensten, in der Kreativit\u00e4t auf Funktionalit\u00e4t trifft, um immersive digitale Erlebnisse zu schaffen, die einen bleibenden Eindruck hinterlassen. Unser Team aus Entwicklern und Designern arbeitet eng mit Ihnen zusammen, um Apps zu erstellen, die nicht nur Ihre spezifischen Anforderungen erf\u00fcllen, sondern auch Ihre Marke im digitalen Raum hervorheben.<\/p>\r\n\r\n\r\n\r\n<h2 class=\"gb-headline gb-headline-764e67e8 gb-headline-text\">Innovative Konzeptualisierung<\/h2>\r\n\r\n\r\n\r\n<p class=\"has-text-align-left\">Wir entwerfen Apps, die die einzigartige Identit\u00e4t und Ziele Ihrer Marke widerspiegeln und Innovation mit Zweckm\u00e4\u00dfigkeit kombinieren, um Produkte zu schaffen, die bei Ihrem Publikum wirklich Anklang finden. Vom Konzept bis zur Markteinf\u00fchrung erwecken wir Ihre Vision mit modernsten Funktionen und einem benutzerorientierten Ansatz zum Leben.<\/p>\r\n<\/div><\/div><\/div><\/div>\r\n\r\n<div class=\"gb-container gb-container-1ffb0b61\">\r\n\r\n<div class=\"gb-container gb-container-6ab4be82\">\r\n\r\n<div class=\"gb-container gb-container-b25023be\"><div class=\"gb-inside-container\">\r\n\r\n\r\n<h2 class=\"gb-headline gb-headline-d7fd9f9e gb-headline-text\">Intuitive Design<\/h2>\r\n\r\n\r\n\r\n<p>Bei der Entwicklung unserer Apps steht die Benutzererfahrung im Mittelpunkt und sie bieten intuitive, benutzerfreundliche Schnittstellen, die Engagement und Zufriedenheit f\u00f6rdern. Wir legen Wert auf Einfachheit und stellen sicher, dass sich jede Interaktion nat\u00fcrlich und m\u00fchelos anf\u00fchlt und gleichzeitig optisch fesselnd ist.<\/p>\r\n\r\n\r\n\r\n<h2 class=\"gb-headline gb-headline-af8673f3 gb-headline-text\">Plattform\u00fcbergreifende Kompatibilit\u00e4t<\/h2>\r\n\r\n\r\n\r\n<p>Ihre App muss auf allen Ger\u00e4ten einwandfrei funktionieren, und wir sorgen daf\u00fcr, dass dies m\u00f6glich ist. Wir erstellen plattform\u00fcbergreifende Apps, die ein konsistentes und nahtloses Erlebnis auf Android, iOS und anderen Plattformen bieten. Dies stellt sicher, dass Ihre Benutzer unabh\u00e4ngig vom verwendeten Ger\u00e4t eine hohe Leistung und reibungslose Funktionalit\u00e4t genie\u00dfen.<\/p>\r\n<\/div><\/div>\r\n\r\n<div class=\"gb-container gb-container-30e2afa8\"><div class=\"gb-inside-container\">\r\n\r\n\r\n<figure class=\"wp-block-image size-full\"><img loading=\"lazy\" decoding=\"async\" width=\"667\" height=\"500\" class=\"wp-image-20816\" src=\"https:\/\/systronlabs.com\/wp-content\/uploads\/2024\/09\/user_feedback_led_UI_design_and_development_of_cross_platform_mobile_app_development.png\" alt=\"\" srcset=\"https:\/\/systronlabs.com\/wp-content\/uploads\/2024\/09\/user_feedback_led_UI_design_and_development_of_cross_platform_mobile_app_development.png 667w, https:\/\/systronlabs.com\/wp-content\/uploads\/2024\/09\/user_feedback_led_UI_design_and_development_of_cross_platform_mobile_app_development-300x225.png 300w\" sizes=\"auto, (max-width: 667px) 100vw, 667px\" \/><\/figure>\r\n<\/div><\/div><\/div><\/div>\r\n\r\n<div class=\"gb-container gb-container-86aef39e\">\r\n\r\n<div class=\"gb-container gb-container-07d23fa7\">\r\n\r\n<div class=\"gb-container gb-container-dfdbb815\"><div class=\"gb-inside-container\">\r\n\r\n\r\n<figure class=\"wp-block-image size-full\"><img loading=\"lazy\" decoding=\"async\" width=\"800\" height=\"533\" class=\"wp-image-20818\" src=\"https:\/\/systronlabs.com\/wp-content\/uploads\/2024\/09\/carson_on_air_800x533.png\" alt=\"\" srcset=\"https:\/\/systronlabs.com\/wp-content\/uploads\/2024\/09\/carson_on_air_800x533.png 800w, https:\/\/systronlabs.com\/wp-content\/uploads\/2024\/09\/carson_on_air_800x533-300x200.png 300w, https:\/\/systronlabs.com\/wp-content\/uploads\/2024\/09\/carson_on_air_800x533-768x512.png 768w\" sizes=\"auto, (max-width: 800px) 100vw, 800px\" \/><\/figure>\r\n<\/div><\/div>\r\n\r\n<div class=\"gb-container gb-container-3701f828\"><div class=\"gb-inside-container\">\r\n\r\n\r\n<h2 class=\"gb-headline gb-headline-65ef863d gb-headline-text\">Fortschrittliche Technologieintegration<\/h2>\r\n\r\n\r\n\r\n<p class=\"has-text-align-left\">Durch die Integration der neuesten Technologien, darunter KI, maschinelles Lernen und Cloud-Integration, bleiben wir immer einen Schritt voraus, um die Funktionen Ihrer App zu verbessern. Ob Echtzeit-Updates, personalisierte Erlebnisse oder verbesserte Sicherheit \u2013 wir nutzen Technologie, um Apps zu erstellen, die \u00fcber das \u00dcbliche hinausgehen.<\/p>\r\n\r\n\r\n\r\n<h2 class=\"gb-headline gb-headline-660cee8d gb-headline-text\">Laufender Support und Updates<\/h2>\r\n\r\n\r\n\r\n<p class=\"has-text-align-left\">Unser Engagement f\u00fcr Ihren Erfolg endet nicht mit der Einf\u00fchrung der App. Wir bieten kontinuierlichen Support, Wartung und Updates, um sicherzustellen, dass Ihre App aktuell, sicher und optimiert bleibt. Wenn Ihr Unternehmen w\u00e4chst, sind wir hier, um Ihnen dabei zu helfen, Ihre App weiterzuentwickeln, um neuen Anforderungen und Trends gerecht zu werden.<\/p>\r\n<\/div><\/div><\/div><\/div>\r\n\r\n<div class=\"gb-container gb-container-9c403cf5\">\r\n\r\n<div class=\"gb-container gb-container-e43f1c0a\">\r\n\r\n<div class=\"gb-container gb-container-52f50c59\">\r\n\r\n\r\n<h2 class=\"gb-headline gb-headline-c00a4681 gb-headline-text\">Wie k\u00f6nnen wir Ihnen helfen?<\/h2>\r\n\r\n\r\n\r\n<p class=\"gb-headline gb-headline-9e196265 gb-headline-text\">Senden Sie uns eine E-Mail oder hinterlassen Sie eine Nachricht und wir werden so schnell wie m\u00f6glich antworten.<\/p>\r\n\r\n\r\n\r\n<h4 class=\"gb-headline gb-headline-e47894c2 gb-headline-text\">EMAIL:<\/h4>\r\n\r\n\r\n\r\n<p><a href=\"mailto:hello@SystronLabs.com\">Hello@SystronLabs.com<\/a><\/p>\r\n\r\n\r\n\r\n<p>Gerne vernetzen wir uns auch in den sozialen Medien:<\/p>\r\n\r\n\r\n\r\n<p>&nbsp;<\/p>\r\n\r\n\r\n\r\n<p>&nbsp;<\/p>\r\n\r\n\r\n\r\n<p>&nbsp;<\/p>\r\n\r\n\r\n\r\n<p>&nbsp;<\/p>\r\n<\/div>\r\n\r\n<div class=\"gb-container gb-container-89bdcf87\">\r\n\r\n\r\n<p><script charset=\"utf-8\" type=\"text\/javascript\" src=\"\/\/js-eu1.hsforms.net\/forms\/embed\/v2.js\"><\/script> <script>\r\n  hbspt.forms.create({\r\n    region: \"eu1\",\r\n    portalId: \"144576617\",\r\n    formId: \"21e9ec6f-5585-4df6-b585-f78c796d192f\"\r\n  });\r\n<\/script><\/p>\r\n<\/div><\/div><\/div>","protected":false},"excerpt":{"rendered":"<p>Mobile App Entwicklung In unserem digitalen IT-Unternehmen bieten wir umfassende Entwicklungsdienste f\u00fcr mobile Apps an, die darauf ausgelegt sind, Ihre Vision in ein leistungsstarkes digitales Erlebnis zu verwandeln. Wir kombinieren Kreativit\u00e4t und fortschrittliche Technologie, um Apps zu entwickeln, die die einzigartige Identit\u00e4t Ihrer Marke widerspiegeln und gleichzeitig au\u00dfergew\u00f6hnliche Funktionalit\u00e4t bieten. Unser Ansatz konzentriert sich von &#8230; <a title=\"Mobile App Entwicklung\" class=\"read-more\" href=\"https:\/\/systronlabs.com\/de\/dienstleistungen\/mobile-app-entwicklung\/\" aria-label=\"Mehr Informationen \u00fcber Mobile App Entwicklung\">Weiterlesen &#8230;<\/a><\/p>\n","protected":false},"author":1,"featured_media":0,"parent":20558,"menu_order":0,"comment_status":"closed","ping_status":"closed","template":"","meta":{"content-type":"","footnotes":""},"class_list":["post-20887","page","type-page","status-publish"],"_links":{"self":[{"href":"https:\/\/systronlabs.com\/de\/wp-json\/wp\/v2\/pages\/20887","targetHints":{"allow":["GET"]}}],"collection":[{"href":"https:\/\/systronlabs.com\/de\/wp-json\/wp\/v2\/pages"}],"about":[{"href":"https:\/\/systronlabs.com\/de\/wp-json\/wp\/v2\/types\/page"}],"author":[{"embeddable":true,"href":"https:\/\/systronlabs.com\/de\/wp-json\/wp\/v2\/users\/1"}],"replies":[{"embeddable":true,"href":"https:\/\/systronlabs.com\/de\/wp-json\/wp\/v2\/comments?post=20887"}],"version-history":[{"count":7,"href":"https:\/\/systronlabs.com\/de\/wp-json\/wp\/v2\/pages\/20887\/revisions"}],"predecessor-version":[{"id":21513,"href":"https:\/\/systronlabs.com\/de\/wp-json\/wp\/v2\/pages\/20887\/revisions\/21513"}],"up":[{"embeddable":true,"href":"https:\/\/systronlabs.com\/de\/wp-json\/wp\/v2\/pages\/20558"}],"wp:attachment":[{"href":"https:\/\/systronlabs.com\/de\/wp-json\/wp\/v2\/media?parent=20887"}],"curies":[{"name":"wp","href":"https:\/\/api.w.org\/{rel}","templated":true}]}}