{"id":21242,"date":"2024-10-19T08:53:59","date_gmt":"2024-10-19T08:53:59","guid":{"rendered":"https:\/\/systronlabs.com\/?page_id=21242"},"modified":"2024-10-19T11:26:38","modified_gmt":"2024-10-19T11:26:38","slug":"datenschutzrichtlinie","status":"publish","type":"page","link":"https:\/\/systronlabs.com\/de\/datenschutzrichtlinie\/","title":{"rendered":"Datenschutzrichtlinie"},"content":{"rendered":"\n<p>Zuletzt aktualisiert: 18. April 2024<\/p>\n\n\n\n<p>Diese Datenschutzrichtlinie beschreibt unsere Richtlinien und Verfahren zur Erfassung, Verwendung und Offenlegung Ihrer Daten bei der Nutzung des Dienstes und informiert Sie \u00fcber Ihre Datenschutzrechte und dar\u00fcber, wie das Gesetz Sie sch\u00fctzt.<\/p>\n\n\n\n<p>Wir verwenden Ihre personenbezogenen Daten, um den Service bereitzustellen und zu verbessern. Durch die Nutzung des Service stimmen Sie der Erfassung und Verwendung von Informationen gem\u00e4\u00df dieser Datenschutzrichtlinie zu.<\/p>\n\n\n\n<h2 class=\"wp-block-heading\">Interpretation und Definitionen<\/h2>\n\n\n\n<h3 class=\"wp-block-heading\">Interpretation<\/h3>\n\n\n\n<p>Die W\u00f6rter, deren Anfangsbuchstabe gro\u00df geschrieben ist, haben unter den folgenden Bedingungen die definierte Bedeutung. Die folgenden Definitionen haben dieselbe Bedeutung, unabh\u00e4ngig davon, ob sie im Singular oder im Plural stehen.<\/p>\n\n\n\n<h3 class=\"wp-block-heading\">Definitionen<\/h3>\n\n\n\n<p>F\u00fcr die Zwecke dieser Datenschutzrichtlinie:<\/p>\n\n\n\n<ul class=\"wp-block-list\">\n<li><strong>die Zwecke dieser<\/strong> Datenschutz ein einzigartiges Konto, das f\u00fcr Sie erstellt wird, um auf unseren Service oder Teile unseres Service zuzugreifen.<\/li>\n\n\n\n<li><strong>Verbundenes<\/strong> Unternehmen bezeichnet eine Entit\u00e4t, die eine Partei kontrolliert, von einer Partei kontrolliert wird oder unter gemeinsamer Kontrolle mit einer Partei steht, wobei \u201eKontrolle\u201c den Besitz von 50 % oder mehr der Aktien, Beteiligungen oder anderen Wertpapiere bedeutet, die zur Wahl von Direktoren oder anderen Leitungsorganen berechtigt sind.<\/li>\n\n\n\n<li><strong>Unternehmen<\/strong> (in dieser Vereinbarung entweder als \u201edas Unternehmen\u201c, \u201eWir\u201c, \u201eUns\u201c oder \u201eUnser\u201c bezeichnet) bezeichnet Systron Labs.<\/li>\n\n\n\n<li><strong>Cookies sind<\/strong> kleine Dateien, die von einer Website auf Ihrem Computer, Mobilger\u00e4t oder einem anderen Ger\u00e4t abgelegt werden und die unter anderem die Details Ihres Browserverlaufs auf dieser Website enthalten.<\/li>\n\n\n\n<li><strong>Land bezeichnet:<\/strong> Berlin, Deutschland<\/li>\n\n\n\n<li><strong>Ger\u00e4t bezeichnet<\/strong> jedes Ger\u00e4t, das auf den Service zugreifen kann, wie z. B. ein Computer, ein Mobiltelefon oder ein digitales Tablet.<\/li>\n\n\n\n<li><strong>Personenbezogene <\/strong>Daten sind alle Informationen, die sich auf eine identifizierte oder identifizierbare Person beziehen.<\/li>\n\n\n\n<li><strong>Service <\/strong>bezeichnet die Website.<\/li>\n\n\n\n<li><strong>Dienstanbieter bezeichnet <\/strong>jede nat\u00fcrliche oder juristische Person, die die Daten im Auftrag des Unternehmens verarbeitet. Es bezieht sich auf Drittunternehmen oder Einzelpersonen, die vom Unternehmen besch\u00e4ftigt werden, um den Service zu erm\u00f6glichen, den Service im Namen des Unternehmens bereitzustellen, mit dem Service verbundene Dienste zu erbringen oder das Unternehmen bei der Analyse der Nutzung des Service zu unterst\u00fctzen.<\/li>\n\n\n\n<li><strong>Nutzungsdaten beziehen <\/strong>sich auf automatisch erfasste Daten, die entweder durch die Nutzung des Service oder durch die Service-Infrastruktur selbst generiert werden (z. B. die Dauer eines Seitenbesuchs).<\/li>\n\n\n\n<li><strong>Website bezieht<\/strong> sich auf Systron Labs, zug\u00e4nglich \u00fcber https:\/\/systronlabs.com\/<\/li>\n\n\n\n<li><strong>Sie bezeichnet<\/strong> die Person, die auf den Service zugreift oder ihn nutzt, oder das Unternehmen oder eine andere juristische Person, in deren Namen diese Person auf den Service zugreift oder ihn nutzt, je nach Fall.<\/li>\n<\/ul>\n\n\n\n<h2 class=\"wp-block-heading\">Erhebung und Verwendung Ihrer personenbezogenen Daten<\/h2>\n\n\n\n<h3 class=\"wp-block-heading\">Arten der erfassten Daten<\/h3>\n\n\n\n<h4 class=\"wp-block-heading\">Personenbezogene Daten<\/h4>\n\n\n\n<p>W\u00e4hrend Sie unseren Service nutzen, bitten wir Sie m\u00f6glicherweise, uns bestimmte personenbezogene Daten zur Verf\u00fcgung zu stellen, die verwendet werden k\u00f6nnen, um Sie zu kontaktieren oder zu identifizieren. Zu den personenbezogenen Daten k\u00f6nnen unter anderem geh\u00f6ren:<\/p>\n\n\n\n<ul class=\"wp-block-list\">\n<li>E-Mail-Adresse<\/li>\n\n\n\n<li>Vor- und Nachname<\/li>\n\n\n\n<li>Nutzungsdaten<\/li>\n<\/ul>\n\n\n\n<h4 class=\"wp-block-heading\">Nutzungsdaten<\/h4>\n\n\n\n<p>Nutzungsdaten werden bei der Nutzung des Dienstes automatisch erfasst.<\/p>\n\n\n\n<p>Nutzungsdaten k\u00f6nnen Informationen wie die Internetprotokolladresse (z. B. IP-Adresse) Ihres Ger\u00e4ts, Browsertyp, Browserversion, die von Ihnen besuchten Seiten unseres Dienstes, Uhrzeit und Datum Ihres Besuchs, die auf diesen Seiten verbrachte Zeit, eindeutige Ger\u00e4tekennungen und andere Diagnosedaten umfassen.<\/p>\n\n\n\n<p>Wenn Sie \u00fcber ein Mobilger\u00e4t auf den Dienst zugreifen, erfassen wir m\u00f6glicherweise automatisch bestimmte Informationen, darunter, aber nicht beschr\u00e4nkt auf, den Typ des von Ihnen verwendeten Mobilger\u00e4ts, die eindeutige ID Ihres Mobilger\u00e4ts, die IP-Adresse Ihres Mobilger\u00e4ts, Ihr mobiles Betriebssystem, den Typ des von Ihnen verwendeten mobilen Internetbrowsers, eindeutige Ger\u00e4tekennungen und andere Diagnosedaten.<\/p>\n\n\n\n<p>Wir erfassen m\u00f6glicherweise auch Informationen, die Ihr Browser sendet, wenn Sie unseren Dienst besuchen oder wenn Sie \u00fcber ein Mobilger\u00e4t auf den Dienst zugreifen..<\/p>\n\n\n\n<h4 class=\"wp-block-heading\">Tracking-Technologien und Cookies<\/h4>\n\n\n\n<p>Wir verwenden Cookies und \u00e4hnliche Tracking-Technologien, um die Aktivit\u00e4t auf unserem Service zu verfolgen und bestimmte Informationen zu speichern. Die verwendeten Tracking-Technologien sind Beacons, Tags und Skripte, um Informationen zu sammeln und zu verfolgen und unseren Service zu verbessern und zu analysieren. Zu den von uns verwendeten Technologien k\u00f6nnen geh\u00f6ren:<\/p>\n\n\n\n<ul class=\"wp-block-list\">\n<li><strong>Cookies oder Browser-Cookies<\/strong>. Ein Cookie ist eine kleine Datei, die auf Ihrem Ger\u00e4t abgelegt wird. Sie k\u00f6nnen Ihren Browser anweisen, alle Cookies abzulehnen oder anzugeben, wann ein Cookie gesendet wird. Wenn Sie jedoch keine Cookies akzeptieren, k\u00f6nnen Sie m\u00f6glicherweise einige Teile unseres Dienstes nicht nutzen. Sofern Sie Ihre Browsereinstellungen nicht so angepasst haben, dass Cookies abgelehnt werden, kann unser Dienst Cookies verwenden.<\/li>\n\n\n\n<li><strong>Web Beacons.<\/strong> Bestimmte Abschnitte unseres Dienstes und unserer E-Mails k\u00f6nnen kleine elektronische Dateien enthalten, die als Web Beacons (auch als Clear Gifs, Pixel Tags und Single-Pixel Gifs bezeichnet) bezeichnet werden und es dem Unternehmen beispielsweise erm\u00f6glichen, die Anzahl der Benutzer zu z\u00e4hlen, die diese Seiten besucht oder eine E-Mail ge\u00f6ffnet haben, und andere damit verbundene Website-Statistiken zu erstellen (z. B. die Popularit\u00e4t eines bestimmten Abschnitts aufzuzeichnen und die System- und Serverintegrit\u00e4t zu \u00fcberpr\u00fcfen).<\/li>\n<\/ul>\n\n\n\n<p>Cookies k\u00f6nnen \u201edauerhafte\u201c oder \u201eSitzungscookies\u201c sein. Dauerhafte Cookies verbleiben auf Ihrem PC oder Mobilger\u00e4t, wenn Sie offline gehen, w\u00e4hrend Sitzungscookies gel\u00f6scht werden, sobald Sie Ihren Webbrowser schlie\u00dfen.<\/p>\n\n\n\n<p>Wir verwenden sowohl Sitzungs- als auch dauerhafte Cookies f\u00fcr die unten aufgef\u00fchrten Zwecke:<\/p>\n\n\n\n<ul class=\"wp-block-list\">\n<li><strong>Notwendige \/ essentielle Cookies<\/strong><br>Typ: Sitzungscookies<br>Verwaltet von: Uns<br>Zweck: Diese Cookies sind unerl\u00e4sslich, um Ihnen die \u00fcber die Website verf\u00fcgbaren Dienste bereitzustellen und Ihnen die Nutzung einiger ihrer Funktionen zu erm\u00f6glichen. Sie helfen bei der Authentifizierung von Benutzern und verhindern die betr\u00fcgerische Verwendung von Benutzerkonten. Ohne diese Cookies k\u00f6nnen die von Ihnen angeforderten Dienste nicht bereitgestellt werden, und wir verwenden diese Cookies nur, um Ihnen diese Dienste bereitzustellen.<\/li>\n\n\n\n<li><strong>Cookie-Richtlinie \/ Hinweis zur Akzeptanz von Cookies<\/strong><br>Typ: Dauerhafte Cookies<br>Verwaltet von: Uns<br>Zweck: Diese Cookies identifizieren, ob Benutzer die Verwendung von Cookies auf der Website akzeptiert haben.<br><\/li>\n\n\n\n<li><strong>Funktionscookies<\/strong><br>Typ: Dauerhafte Cookies<br>Verwaltet von: Uns<br>Zweck: Diese Cookies erm\u00f6glichen es uns, Ihre Auswahl bei der Nutzung der Website zu speichern, z. B. Ihre Anmeldedaten oder Spracheinstellungen. Der Zweck dieser Cookies besteht darin, Ihnen ein pers\u00f6nlicheres Erlebnis zu bieten und zu vermeiden, dass Sie Ihre Einstellungen bei jeder Nutzung der Website erneut eingeben m\u00fcssen.<br><\/li>\n<\/ul>\n\n\n\n<p>Weitere Informationen zu den von uns verwendeten Cookies und Ihren Auswahlm\u00f6glichkeiten in Bezug auf Cookies finden Sie in unserer Cookie-Richtlinie oder im Abschnitt \u201eCookies\u201c unserer Datenschutzrichtlinie.<\/p>\n\n\n\n<h3 class=\"wp-block-heading\">Verwendung Ihrer pers\u00f6nlichen Daten<\/h3>\n\n\n\n<p>Das Unternehmen kann personenbezogene Daten f\u00fcr die folgenden Zwecke verwenden:<\/p>\n\n\n\n<ul class=\"wp-block-list\">\n<li><strong>Zur Bereitstellung und Wartung unseres Dienstes<\/strong>, einschlie\u00dflich der \u00dcberwachung der Nutzung unseres Dienstes.<\/li>\n\n\n\n<li><strong>Zur Verwaltung Ihres Kontos: <\/strong>zur Verwaltung Ihrer Registrierung als Benutzer des Dienstes. Die von Ihnen bereitgestellten personenbezogenen Daten k\u00f6nnen Ihnen Zugriff auf verschiedene Funktionen des Dienstes gew\u00e4hren, die Ihnen als registrierter Benutzer zur Verf\u00fcgung stehen.<\/li>\n\n\n\n<li><strong>Zur Erf\u00fcllung eines Vertrags:<\/strong> die Entwicklung, Einhaltung und Durchf\u00fchrung des Kaufvertrags f\u00fcr die von Ihnen erworbenen Produkte, Artikel oder Dienstleistungen oder eines anderen Vertrags mit uns \u00fcber den Dienst.<\/li>\n\n\n\n<li><strong>Zur Kontaktaufnahme mit Ihnen:<\/strong> Zur Kontaktaufnahme mit Ihnen per E-Mail, Telefonanruf, SMS oder anderen gleichwertigen Formen der elektronischen Kommunikation, wie z. B. Push-Benachrichtigungen einer mobilen Anwendung bez\u00fcglich Updates oder informativer Mitteilungen in Bezug auf die Funktionen, Produkte oder vertraglich vereinbarten Dienstleistungen, einschlie\u00dflich der Sicherheitsupdates, wenn dies f\u00fcr deren Umsetzung erforderlich oder angemessen ist.<\/li>\n\n\n\n<li><strong>Zur Bereitstellung von<\/strong> Neuigkeiten, Sonderangeboten und allgemeinen Informationen zu anderen von uns angebotenen Waren, Dienstleistungen und Veranstaltungen, die denen \u00e4hneln, die Sie bereits gekauft oder nach denen Sie gefragt haben, es sei denn, Sie haben sich gegen den Erhalt solcher Informationen entschieden.<\/li>\n\n\n\n<li><strong>Zur Verwaltung Ihrer Anfragen:<\/strong> Zur Bearbeitung und Verwaltung Ihrer Anfragen an uns.<\/li>\n\n\n\n<li><strong>F\u00fcr Gesch\u00e4fts\u00fcbertragungen:<\/strong> Wir k\u00f6nnen Ihre Informationen verwenden, um eine Fusion, Ver\u00e4u\u00dferung, Umstrukturierung, Reorganisation, Aufl\u00f6sung oder einen sonstigen Verkauf oder eine sonstige \u00dcbertragung einiger oder aller unserer Verm\u00f6genswerte zu bewerten oder durchzuf\u00fchren, sei es als fortgef\u00fchrter Betrieb oder als Teil eines Insolvenz-, Liquidations- oder \u00e4hnlichen Verfahrens, bei dem die von uns \u00fcber unsere Servicenutzer gespeicherten personenbezogenen Daten zu den \u00fcbertragenen Verm\u00f6genswerten geh\u00f6ren.<\/li>\n\n\n\n<li><strong>F\u00fcr andere Zwecke:<\/strong> Wir k\u00f6nnen Ihre Informationen f\u00fcr andere Zwecke verwenden, beispielsweise zur Datenanalyse, zur Ermittlung von Nutzungstrends, zur Bestimmung der Wirksamkeit unserer Werbekampagnen und zur Bewertung und Verbesserung unseres Dienstes, unserer Produkte, Dienstleistungen, unseres Marketings und Ihrer Erfahrung.<\/li>\n<\/ul>\n\n\n\n<p>Wir k\u00f6nnen Ihre personenbezogenen Daten in den folgenden Situationen weitergeben:<\/p>\n\n\n\n<ul class=\"wp-block-list\">\n<li><strong>Mit Dienstanbietern:<\/strong> Wir k\u00f6nnen Ihre personenbezogenen Daten mit Dienstanbietern teilen, um die Nutzung unseres Dienstes zu \u00fcberwachen und zu analysieren und um mit Ihnen Kontakt aufzunehmen.<\/li>\n\n\n\n<li><strong>F\u00fcr Gesch\u00e4fts\u00fcbertragungen:<\/strong> Wir k\u00f6nnen Ihre personenbezogenen Daten im Zusammenhang mit oder w\u00e4hrend der Verhandlungen \u00fcber eine Fusion, einen Verkauf von Unternehmensverm\u00f6gen, eine Finanzierung oder den Erwerb unseres gesamten oder eines Teils unseres Gesch\u00e4fts durch ein anderes Unternehmen teilen oder \u00fcbertragen.<\/li>\n\n\n\n<li><strong>Mit verbundenen Unternehmen:<\/strong> Wir k\u00f6nnen Ihre Daten mit unseren verbundenen Unternehmen teilen. In diesem Fall verlangen wir von diesen verbundenen Unternehmen, diese Datenschutzrichtlinie einzuhalten. Zu den verbundenen Unternehmen z\u00e4hlen unsere Muttergesellschaft und alle anderen Tochtergesellschaften, Joint-Venture-Partner oder andere Unternehmen, die wir kontrollieren oder die unter gemeinsamer Kontrolle mit uns stehen.<\/li>\n\n\n\n<li><strong>Mit Gesch\u00e4ftspartnern:<\/strong> Wir k\u00f6nnen Ihre Daten mit unseren Gesch\u00e4ftspartnern teilen, um Ihnen bestimmte Produkte, Dienstleistungen oder Werbeaktionen anzubieten.<\/li>\n\n\n\n<li><strong>Mit anderen Benutzern:<\/strong> Wenn Sie personenbezogene Daten teilen oder auf andere Weise in den \u00f6ffentlichen Bereichen mit anderen Benutzern interagieren, k\u00f6nnen diese Informationen von allen Benutzern angezeigt und \u00f6ffentlich au\u00dferhalb verbreitet werden.<\/li>\n\n\n\n<li><strong>Mit Ihrer Zustimmung:<\/strong> Mit Ihrer Zustimmung k\u00f6nnen wir Ihre personenbezogenen Daten f\u00fcr jeden anderen Zweck offenlegen.<\/li>\n<\/ul>\n\n\n\n<h3 class=\"wp-block-heading\">Aufbewahrung Ihrer pers\u00f6nlichen Daten<\/h3>\n\n\n\n<p>Das Unternehmen speichert Ihre personenbezogenen Daten nur so lange, wie dies f\u00fcr die in dieser Datenschutzrichtlinie dargelegten Zwecke erforderlich ist. Wir speichern und verwenden Ihre personenbezogenen Daten in dem Umfang, der erforderlich ist, um unseren gesetzlichen Verpflichtungen nachzukommen (z. B. wenn wir Ihre Daten speichern m\u00fcssen, um geltende Gesetze einzuhalten), Streitigkeiten beizulegen und unsere rechtlichen Vereinbarungen und Richtlinien durchzusetzen.<\/p>\n\n\n\n<p>Das Unternehmen speichert Nutzungsdaten auch f\u00fcr interne Analysezwecke. Nutzungsdaten werden im Allgemeinen f\u00fcr einen k\u00fcrzeren Zeitraum gespeichert, es sei denn, diese Daten werden verwendet, um die Sicherheit zu st\u00e4rken oder die Funktionalit\u00e4t unseres Dienstes zu verbessern, oder wir sind gesetzlich verpflichtet, diese Daten f\u00fcr l\u00e4ngere Zeitr\u00e4ume zu speichern.<\/p>\n\n\n\n<h3 class=\"wp-block-heading\">\u00dcbermittlung Ihrer personenbezogenen Daten<\/h3>\n\n\n\n<p>Ihre Informationen, einschlie\u00dflich personenbezogener Daten, werden in den Betriebsb\u00fcros des Unternehmens und an allen anderen Orten verarbeitet, an denen sich die an der Verarbeitung beteiligten Parteien befinden. Dies bedeutet, dass diese Informationen an Computer au\u00dferhalb Ihres Staates, Ihrer Provinz, Ihres Landes oder einer anderen staatlichen Gerichtsbarkeit, in der m\u00f6glicherweise andere Datenschutzgesetze gelten als in Ihrer Gerichtsbarkeit, \u00fcbertragen und dort gespeichert werden k\u00f6nnen.<\/p>\n\n\n\n<p>Ihre Zustimmung zu dieser Datenschutzrichtlinie und die anschlie\u00dfende \u00dcbermittlung dieser Informationen stellen Ihre Zustimmung zu dieser \u00dcbertragung dar.<\/p>\n\n\n\n<p>Das Unternehmen wird alle angemessenen Schritte unternehmen, um sicherzustellen, dass Ihre Daten sicher und in \u00dcbereinstimmung mit dieser Datenschutzrichtlinie behandelt werden. Es erfolgt keine \u00dcbertragung Ihrer personenbezogenen Daten an eine Organisation oder ein Land, sofern keine angemessenen Kontrollen vorhanden sind, einschlie\u00dflich der Sicherheit Ihrer Daten und anderer personenbezogener Informationen.<\/p>\n\n\n\n<h3 class=\"wp-block-heading\">L\u00f6schen Ihrer pers\u00f6nlichen Daten<\/h3>\n\n\n\n<p>Sie haben das Recht, die personenbezogenen Daten, die wir \u00fcber Sie erhoben haben, zu l\u00f6schen oder unsere Unterst\u00fctzung bei der L\u00f6schung zu verlangen.<\/p>\n\n\n\n<p>Unser Service bietet Ihnen m\u00f6glicherweise die M\u00f6glichkeit, bestimmte Informationen \u00fcber Sie innerhalb des Services zu l\u00f6schen.<\/p>\n\n\n\n<p>Sie k\u00f6nnen Ihre Informationen jederzeit aktualisieren, \u00e4ndern oder l\u00f6schen, indem Sie sich bei Ihrem Konto anmelden (sofern Sie eines haben) und den Abschnitt \u201eKontoeinstellungen\u201c aufrufen, in dem Sie Ihre personenbezogenen Daten verwalten k\u00f6nnen. Sie k\u00f6nnen sich auch an uns wenden, um Zugriff auf die personenbezogenen Daten zu beantragen, die Sie uns bereitgestellt haben, diese zu korrigieren oder zu l\u00f6schen.<\/p>\n\n\n\n<p>Bitte beachten Sie jedoch, dass wir m\u00f6glicherweise bestimmte Informationen aufbewahren m\u00fcssen, wenn wir dazu gesetzlich verpflichtet sind oder eine gesetzliche Grundlage haben.<\/p>\n\n\n\n<h3 class=\"wp-block-heading\">Offenlegung Ihrer pers\u00f6nlichen Daten<\/h3>\n\n\n\n<h4 class=\"wp-block-heading\">Gesch\u00e4ftstransaktionen<\/h4>\n\n\n\n<p>Wenn das Unternehmen an einer Fusion, \u00dcbernahme oder einem Verkauf von Verm\u00f6genswerten beteiligt ist, k\u00f6nnen Ihre personenbezogenen Daten \u00fcbertragen werden. Wir werden Sie dar\u00fcber informieren, bevor Ihre personenbezogenen Daten \u00fcbertragen werden und einer anderen Datenschutzrichtlinie unterliegen.<\/p>\n\n\n\n<h4 class=\"wp-block-heading\">Strafverfolgung<\/h4>\n\n\n\n<p>Unter bestimmten Umst\u00e4nden ist das Unternehmen m\u00f6glicherweise dazu verpflichtet, Ihre personenbezogenen Daten preiszugeben, wenn dies gesetzlich vorgeschrieben ist oder als Reaktion auf g\u00fcltige Anfragen von Beh\u00f6rden (z. B. einem Gericht oder einer Regierungsbeh\u00f6rde).<\/p>\n\n\n\n<h4 class=\"wp-block-heading\">Weitere gesetzliche Anforderungen<\/h4>\n\n\n\n<p>Das Unternehmen kann Ihre personenbezogenen Daten in dem guten Glauben offenlegen, dass dies erforderlich ist, um:<\/p>\n\n\n\n<ul class=\"wp-block-list\">\n<li>Einer gesetzlichen Verpflichtung nachkommen<\/li>\n\n\n\n<li>Die Rechte oder das Eigentum des Unternehmens sch\u00fctzen und verteidigen<\/li>\n\n\n\n<li>M\u00f6gliches Fehlverhalten im Zusammenhang mit dem Service verhindern oder untersuchen<\/li>\n\n\n\n<li>Die pers\u00f6nliche Sicherheit der Benutzer des Service oder der \u00d6ffentlichkeit sch\u00fctzen<\/li>\n\n\n\n<li>Vor gesetzlicher Haftung sch\u00fctzen<\/li>\n<\/ul>\n\n\n\n<h3 class=\"wp-block-heading\">Sicherheit Ihrer pers\u00f6nlichen Daten<\/h3>\n\n\n\n<p>Die Sicherheit Ihrer pers\u00f6nlichen Daten ist uns wichtig. Bedenken Sie jedoch, dass keine Methode der \u00dcbertragung \u00fcber das Internet oder der elektronischen Speicherung 100 % sicher ist. Obwohl wir uns bem\u00fchen, kommerziell akzeptable Mittel zum Schutz Ihrer pers\u00f6nlichen Daten einzusetzen, k\u00f6nnen wir deren absolute Sicherheit nicht garantieren.<\/p>\n\n\n\n<h2 class=\"wp-block-heading\">Datenschutz f\u00fcr Kinder<\/h2>\n\n\n\n<p>Unser Service richtet sich nicht an Personen unter 13 Jahren. Wir erfassen wissentlich keine personenbezogenen Daten von Personen unter 13 Jahren. Wenn Sie ein Elternteil oder Erziehungsberechtigter sind und wissen, dass Ihr Kind uns personenbezogene Daten bereitgestellt hat, nehmen Sie bitte Kontakt mit uns auf. Wenn uns bekannt wird, dass wir personenbezogene Daten von Personen unter 13 Jahren ohne \u00dcberpr\u00fcfung der elterlichen Zustimmung erfasst haben, ergreifen wir Ma\u00dfnahmen, um diese Informationen von unseren Servern zu entfernen.<\/p>\n\n\n\n<p>Wenn wir uns auf die Zustimmung als Rechtsgrundlage f\u00fcr die Verarbeitung Ihrer Daten verlassen m\u00fcssen und Ihr Land die Zustimmung eines Elternteils erfordert, ben\u00f6tigen wir m\u00f6glicherweise die Zustimmung Ihres Elternteils, bevor wir diese Informationen erfassen und verwenden.<\/p>\n\n\n\n<h2 class=\"wp-block-heading\">Links zu anderen Websites<\/h2>\n\n\n\n<p>Unser Service kann Links zu anderen Websites enthalten, die nicht von uns betrieben werden. Wenn Sie auf einen Link eines Drittanbieters klicken, werden Sie auf die Website dieses Drittanbieters weitergeleitet. Wir empfehlen Ihnen dringend, die Datenschutzrichtlinien aller von Ihnen besuchten Websites zu lesen.<\/p>\n\n\n\n<p>Wir haben keine Kontrolle \u00fcber und \u00fcbernehmen keine Verantwortung f\u00fcr den Inhalt, die Datenschutzrichtlinien oder -praktiken von Websites oder Diensten Dritter.<\/p>\n\n\n\n<h2 class=\"wp-block-heading\">\u00c4nderungen dieser Datenschutzrichtlinie<\/h2>\n\n\n\n<p>Wir k\u00f6nnen unsere Datenschutzrichtlinie von Zeit zu Zeit aktualisieren. Wir werden Sie \u00fcber alle \u00c4nderungen informieren, indem wir die neue Datenschutzrichtlinie auf dieser Seite ver\u00f6ffentlichen.<\/p>\n\n\n\n<p>Wir werden Sie per E-Mail und\/oder durch einen deutlichen Hinweis auf unserem Service informieren, bevor die \u00c4nderung wirksam wird, und das Datum \u201eZuletzt aktualisiert\u201c oben in dieser Datenschutzrichtlinie aktualisieren.<\/p>\n\n\n\n<p>Es wird Ihnen empfohlen, diese Datenschutzrichtlinie regelm\u00e4\u00dfig auf \u00c4nderungen zu \u00fcberpr\u00fcfen. \u00c4nderungen an dieser Datenschutzrichtlinie werden wirksam, wenn sie auf dieser Seite ver\u00f6ffentlicht werden.<\/p>\n\n\n\n<h2 class=\"wp-block-heading\">Kontaktieren Sie uns<\/h2>\n\n\n\n<p>Wenn Sie Fragen zu dieser Datenschutzrichtlinie haben, k\u00f6nnen Sie uns wie folgt kontaktieren:<\/p>\n\n\n\n<ul class=\"wp-block-list\">\n<li>Indem Sie diese Seite auf unserer Website besuchen: <a href=\"https:\/\/systronlabs.com\/de\/kontakt\">https:\/\/systronlabs.com\/de\/kontakt<\/a><\/li>\n<\/ul>\n","protected":false},"excerpt":{"rendered":"<p>Zuletzt aktualisiert: 18. April 2024 Diese Datenschutzrichtlinie beschreibt unsere Richtlinien und Verfahren zur Erfassung, Verwendung und Offenlegung Ihrer Daten bei der Nutzung des Dienstes und informiert Sie \u00fcber Ihre Datenschutzrechte und dar\u00fcber, wie das Gesetz Sie sch\u00fctzt. Wir verwenden Ihre personenbezogenen Daten, um den Service bereitzustellen und zu verbessern. Durch die Nutzung des Service stimmen &#8230; <a title=\"Datenschutzrichtlinie\" class=\"read-more\" href=\"https:\/\/systronlabs.com\/de\/datenschutzrichtlinie\/\" aria-label=\"Mehr Informationen \u00fcber Datenschutzrichtlinie\">Weiterlesen &#8230;<\/a><\/p>\n","protected":false},"author":1,"featured_media":0,"parent":0,"menu_order":0,"comment_status":"closed","ping_status":"closed","template":"","meta":{"content-type":"","footnotes":""},"class_list":["post-21242","page","type-page","status-publish"],"_links":{"self":[{"href":"https:\/\/systronlabs.com\/de\/wp-json\/wp\/v2\/pages\/21242","targetHints":{"allow":["GET"]}}],"collection":[{"href":"https:\/\/systronlabs.com\/de\/wp-json\/wp\/v2\/pages"}],"about":[{"href":"https:\/\/systronlabs.com\/de\/wp-json\/wp\/v2\/types\/page"}],"author":[{"embeddable":true,"href":"https:\/\/systronlabs.com\/de\/wp-json\/wp\/v2\/users\/1"}],"replies":[{"embeddable":true,"href":"https:\/\/systronlabs.com\/de\/wp-json\/wp\/v2\/comments?post=21242"}],"version-history":[{"count":8,"href":"https:\/\/systronlabs.com\/de\/wp-json\/wp\/v2\/pages\/21242\/revisions"}],"predecessor-version":[{"id":21284,"href":"https:\/\/systronlabs.com\/de\/wp-json\/wp\/v2\/pages\/21242\/revisions\/21284"}],"wp:attachment":[{"href":"https:\/\/systronlabs.com\/de\/wp-json\/wp\/v2\/media?parent=21242"}],"curies":[{"name":"wp","href":"https:\/\/api.w.org\/{rel}","templated":true}]}}