{"id":21245,"date":"2024-10-19T08:55:44","date_gmt":"2024-10-19T08:55:44","guid":{"rendered":"https:\/\/systronlabs.com\/?page_id=21245"},"modified":"2024-10-19T10:22:46","modified_gmt":"2024-10-19T10:22:46","slug":"servicebedingungen","status":"publish","type":"page","link":"https:\/\/systronlabs.com\/de\/servicebedingungen\/","title":{"rendered":"Servicebedingungen"},"content":{"rendered":"\n<p>Zuletzt aktualisiert: 18. April 2024<\/p>\n\n\n\n<p>Please read these terms and conditions carefully before using Our Service.<\/p>\n\n\n\n<h2 class=\"wp-block-heading\">Interpretation und Definitionen<\/h2>\n\n\n\n<h3 class=\"wp-block-heading\">Interpretation<\/h3>\n\n\n\n<p>Die W\u00f6rter, deren Anfangsbuchstabe gro\u00df geschrieben ist, haben unter den folgenden Bedingungen die definierte Bedeutung. Die folgenden Definitionen haben dieselbe Bedeutung, unabh\u00e4ngig davon, ob sie im Singular oder im Plural stehen.<\/p>\n\n\n\n<h3 class=\"wp-block-heading\">Definitionen<\/h3>\n\n\n\n<p>Im Sinne dieser Allgemeinen Gesch\u00e4ftsbedingungen:<\/p>\n\n\n\n<ul class=\"wp-block-list\">\n<li><strong>Verbundenes Unternehmen<\/strong> bezeichnet eine Einheit, die eine Partei kontrolliert, von einer Partei kontrolliert wird oder mit einer Partei unter gemeinsamer Kontrolle steht, wobei \u201eKontrolle\u201c den Besitz von 50 % oder mehr der Anteile, Beteiligungen oder anderer Wertpapiere bedeutet, die zur Wahl von Direktoren oder anderen leitenden Organen berechtigen.<\/li>\n\n\n\n<li><strong>Land<\/strong> bezieht sich auf: Berlin, Deutschland<\/li>\n\n\n\n<li><strong>Unternehmen<\/strong> (in dieser Vereinbarung als entweder \u201edas Unternehmen\u201c, \u201eWir\u201c, \u201eUns\u201c oder \u201eUnser\u201c bezeichnet) bezieht sich auf Systron Labs.<\/li>\n\n\n\n<li><strong>Ger\u00e4t<\/strong> bedeutet jedes Ger\u00e4t, das auf den Dienst zugreifen kann, wie z. B. ein Computer, ein Mobiltelefon oder ein digitales Tablet.<\/li>\n\n\n\n<li><strong>Dienst<\/strong> bezieht sich auf die Website.<\/li>\n\n\n\n<li><strong>Allgemeine Gesch\u00e4ftsbedingungen<\/strong> (auch als \u201eBedingungen\u201c bezeichnet) sind diese Allgemeinen Gesch\u00e4ftsbedingungen, die die gesamte Vereinbarung zwischen Ihnen und dem Unternehmen in Bezug auf die Nutzung des Dienstes bilden.<\/li>\n\n\n\n<li><strong>Drittanbieter-Soziale-Media-Dienstleistungen<\/strong> bedeutet jede Dienstleistung oder Inhalte (einschlie\u00dflich Daten, Informationen, Produkte oder Dienstleistungen), die von einem Dritten bereitgestellt werden und durch den Dienst angezeigt, einbezogen oder verf\u00fcgbar gemacht werden k\u00f6nnen.<\/li>\n\n\n\n<li><strong>Website<\/strong> bezieht sich auf Systron Labs, erreichbar unter <a href=\"https:\/\/systronlabs.com\/\">https:\/\/systronlabs.com\/<\/a><\/li>\n\n\n\n<li><strong>Sie<\/strong> bedeutet die Person, die auf den Dienst zugreift oder diesen nutzt, oder das Unternehmen oder eine andere juristische Person, im Namen derer eine solche Person auf den Dienst zugreift oder diesen nutzt, sofern zutreffend.<br><\/li>\n<\/ul>\n\n\n\n<h2 class=\"wp-block-heading\">Anerkennung<\/h2>\n\n\n\n<p>Dies sind die Allgemeinen Gesch\u00e4ftsbedingungen, die die Nutzung dieses Dienstes und die Vereinbarung zwischen Ihnen und dem Unternehmen regeln. Diese Allgemeinen Gesch\u00e4ftsbedingungen legen die Rechte und Pflichten aller Nutzer in Bezug auf die Nutzung des Dienstes fest.<\/p>\n\n\n\n<p>Ihr Zugang zu und Ihre Nutzung des Dienstes sind an Ihre Zustimmung zu und die Einhaltung dieser Allgemeinen Gesch\u00e4ftsbedingungen gebunden. Diese Allgemeinen Gesch\u00e4ftsbedingungen gelten f\u00fcr alle Besucher, Nutzer und andere, die auf den Dienst zugreifen oder ihn nutzen.<\/p>\n\n\n\n<p>Durch den Zugriff auf oder die Nutzung des Dienstes erkl\u00e4ren Sie sich mit diesen Allgemeinen Gesch\u00e4ftsbedingungen einverstanden. Wenn Sie mit einem Teil dieser Allgemeinen Gesch\u00e4ftsbedingungen nicht einverstanden sind, d\u00fcrfen Sie nicht auf den Dienst zugreifen.<\/p>\n\n\n\n<p>Sie erkl\u00e4ren, dass Sie \u00fcber 18 Jahre alt sind. Das Unternehmen gestattet Personen unter 18 Jahren nicht, den Dienst zu nutzen.<\/p>\n\n\n\n<h2 class=\"wp-block-heading\">Links zu anderen Websites<\/h2>\n\n\n\n<p>Unser Dienst kann Links zu Websites oder Diensten Dritter enthalten, die nicht im Besitz oder unter der Kontrolle des Unternehmens stehen.<\/p>\n\n\n\n<p>Das Unternehmen hat keine Kontrolle \u00fcber und \u00fcbernimmt keine Verantwortung f\u00fcr den Inhalt, die Datenschutzrichtlinien oder die Praktiken von Websites oder Diensten Dritter. Sie best\u00e4tigen und stimmen zu, dass das Unternehmen nicht verantwortlich oder haftbar ist, weder direkt noch indirekt, f\u00fcr Sch\u00e4den oder Verluste, die durch die Nutzung oder das Vertrauen auf solche Inhalte, Waren oder Dienstleistungen, die auf oder \u00fcber solche Websites oder Dienste verf\u00fcgbar sind, verursacht werden oder angeblich verursacht werden.<\/p>\n\n\n\n<p>Wir empfehlen Ihnen dringend, die Gesch\u00e4ftsbedingungen und Datenschutzrichtlinien jeder Website oder Dienstleistung Dritter, die Sie besuchen, zu lesen.We strongly advise You to read the terms and conditions and privacy policies of any third-party web sites or services that You visit.<\/p>\n\n\n\n<h2 class=\"wp-block-heading\">K\u00fcndigung<\/h2>\n\n\n\n<p>Wir k\u00f6nnen Ihren Zugang sofort beenden oder aussetzen, ohne vorherige Ank\u00fcndigung oder Haftung, aus welchem Grund auch immer, einschlie\u00dflich, aber nicht beschr\u00e4nkt auf den Fall, dass Sie gegen diese Allgemeinen Gesch\u00e4ftsbedingungen versto\u00dfen.<\/p>\n\n\n\n<p>Nach der Beendigung erlischt Ihr Recht zur Nutzung des Dienstes sofort.<\/p>\n\n\n\n<h2 class=\"wp-block-heading\">Haftungsbeschr\u00e4nkung<\/h2>\n\n\n\n<p>Ungeachtet etwaiger Sch\u00e4den, die Ihnen entstehen k\u00f6nnten, ist die gesamte Haftung des Unternehmens und seiner Lieferanten im Rahmen dieser Bedingungen und Ihr ausschlie\u00dflicher Rechtsbehelf auf den Betrag beschr\u00e4nkt, den Sie tats\u00e4chlich \u00fcber den Dienst bezahlt haben, oder auf 100 USD, falls Sie nichts \u00fcber den Dienst gekauft haben.<\/p>\n\n\n\n<p>Soweit nach geltendem Recht zul\u00e4ssig, haftet das Unternehmen oder seine Lieferanten in keinem Fall f\u00fcr besondere, zuf\u00e4llige, indirekte oder Folgesch\u00e4den (einschlie\u00dflich, aber nicht beschr\u00e4nkt auf Sch\u00e4den f\u00fcr entgangenen Gewinn, Datenverlust oder andere Informationen, Betriebsunterbrechungen, Personensch\u00e4den, Verlust der Privatsph\u00e4re, die sich aus oder in irgendeiner Weise im Zusammenhang mit der Nutzung oder der Unm\u00f6glichkeit der Nutzung des Dienstes, Software von Drittanbietern und\/oder Hardware von Drittanbietern, die mit dem Dienst verwendet wird, oder anderweitig in Verbindung mit einer Bestimmung dieser Bedingungen ergeben), selbst wenn das Unternehmen oder ein Lieferant auf die M\u00f6glichkeit solcher Sch\u00e4den hingewiesen wurde und selbst wenn der Rechtsbehelf seinen wesentlichen Zweck verfehlt.<\/p>\n\n\n\n<h2 class=\"wp-block-heading\">Haftungsausschluss \u201eWIE BESEHEN\u201c und \u201eWIE VERF\u00dcGBAR\u201c<\/h2>\n\n\n\n<p>Der Dienst wird Ihnen \u201eWIE BESEHEN\u201c und \u201eWIE VERF\u00dcGBAR\u201c sowie mit allen Fehlern und M\u00e4ngeln ohne jegliche Garantie bereitgestellt. Soweit nach geltendem Recht zul\u00e4ssig, lehnt das Unternehmen im eigenen Namen und im Namen seiner verbundenen Unternehmen sowie deren jeweiligen Lizenzgeber und Dienstleister ausdr\u00fccklich alle Garantien ab, ob ausdr\u00fccklich, stillschweigend, gesetzlich oder anderweitig, in Bezug auf den Dienst, einschlie\u00dflich aller stillschweigenden Garantien der Marktg\u00e4ngigkeit, der Eignung f\u00fcr einen bestimmten Zweck, des Eigentums und der Nichtverletzung sowie Garantien, die sich aus dem Handelsverlauf, der Nutzung oder der Praxis ergeben k\u00f6nnten. Ohne Einschr\u00e4nkung des Vorstehenden gibt das Unternehmen keine Garantie oder Zusicherung und \u00fcbernimmt keine Verpflichtung, dass der Dienst Ihren Anforderungen entspricht, bestimmte beabsichtigte Ergebnisse erzielt, mit anderer Software, Anwendungen, Systemen oder Diensten kompatibel ist oder ohne Unterbrechung funktioniert, bestimmte Leistungs- oder Zuverl\u00e4ssigkeitsstandards erf\u00fcllt oder fehlerfrei ist oder dass Fehler oder M\u00e4ngel behoben werden k\u00f6nnen oder werden.<\/p>\n\n\n\n<p>Ohne Einschr\u00e4nkung des Vorstehenden gibt weder das Unternehmen noch ein Anbieter des Unternehmens irgendeine Art von Zusicherung oder Garantie, weder ausdr\u00fccklich noch stillschweigend: (i) \u00fcber den Betrieb oder die Verf\u00fcgbarkeit des Dienstes oder die darin enthaltenen Informationen, Inhalte, Materialien oder Produkte; (ii) dass der Dienst ununterbrochen oder fehlerfrei sein wird; (iii) \u00fcber die Genauigkeit, Zuverl\u00e4ssigkeit oder Aktualit\u00e4t von Informationen oder Inhalten, die durch den Dienst bereitgestellt werden; oder (iv) dass der Dienst, seine Server, die Inhalte oder E-Mails, die von oder im Namen des Unternehmens gesendet werden, frei von Viren, Skripten, Trojanischen Pferden, W\u00fcrmern, Malware, Zeitbomben oder anderen sch\u00e4dlichen Komponenten sind.<\/p>\n\n\n\n<p>In einigen Gerichtsbarkeiten ist der Ausschluss bestimmter Arten von Garantien oder Einschr\u00e4nkungen der gesetzlichen Rechte eines Verbrauchers nicht zul\u00e4ssig, so dass einige oder alle der oben genannten Ausschl\u00fcsse und Einschr\u00e4nkungen m\u00f6glicherweise nicht auf Sie zutreffen. In einem solchen Fall werden die in diesem Abschnitt festgelegten Ausschl\u00fcsse und Einschr\u00e4nkungen auf das gr\u00f6\u00dftm\u00f6gliche nach geltendem Recht durchsetzbare Ma\u00df angewendet.<\/p>\n\n\n\n<h2 class=\"wp-block-heading\">Anwendbares Recht<\/h2>\n\n\n\n<p>Die Gesetze des Landes, ohne Ber\u00fccksichtigung der Kollisionsnormen, regeln diese Bedingungen und Ihre Nutzung des Dienstes. Ihre Nutzung der Anwendung kann auch anderen lokalen, staatlichen, nationalen oder internationalen Gesetzen unterliegen.<\/p>\n\n\n\n<h2 class=\"wp-block-heading\">Streitbeilegung<\/h2>\n\n\n\n<p>Wenn Sie Bedenken oder Streitigkeiten in Bezug auf den Dienst haben, erkl\u00e4ren Sie sich damit einverstanden, zun\u00e4chst zu versuchen, den Streit informell durch Kontaktaufnahme mit dem Unternehmen zu l\u00f6sen.<\/p>\n\n\n\n<h2 class=\"wp-block-heading\">F\u00fcr Nutzer aus der Europ\u00e4ischen Union (EU)<\/h2>\n\n\n\n<p>Wenn Sie ein Verbraucher aus der Europ\u00e4ischen Union sind, profitieren Sie von allen zwingenden Bestimmungen des Rechts des Landes, in dem Sie ans\u00e4ssig sind.<\/p>\n\n\n\n<h2 class=\"wp-block-heading\">Einhaltung des US-amerikanischen Rechts<\/h2>\n\n\n\n<p>Sie versichern und garantieren, dass (i) Sie sich nicht in einem Land befinden, das einem Embargo der US-Regierung unterliegt oder von der US-Regierung als \u201eterrorismusunterst\u00fctzendes\u201c Land eingestuft wurde, und (ii) Sie nicht auf einer Liste verbotener oder eingeschr\u00e4nkter Parteien der US-Regierung stehen.<\/p>\n\n\n\n<h2 class=\"wp-block-heading\">Salvatorische Klausel und Verzicht<\/h2>\n\n\n\n<h3 class=\"wp-block-heading\">Salvatorische Klausel<\/h3>\n\n\n\n<p>Wenn eine Bestimmung dieser Bedingungen f\u00fcr undurchsetzbar oder ung\u00fcltig befunden wird, wird diese Bestimmung so ge\u00e4ndert und ausgelegt, dass die Ziele dieser Bestimmung bestm\u00f6glich im Rahmen des anwendbaren Rechts erreicht werden, und die verbleibenden Bestimmungen bleiben in vollem Umfang in Kraft.<\/p>\n\n\n\n<h3 class=\"wp-block-heading\">Verzicht<\/h3>\n\n\n\n<p>Soweit hierin nicht anders bestimmt, hat die Nichtaus\u00fcbung eines Rechts oder die Nichterf\u00fcllung einer Verpflichtung gem\u00e4\u00df diesen Bedingungen keinen Einfluss auf die M\u00f6glichkeit einer Partei, dieses Recht zu einem sp\u00e4teren Zeitpunkt auszu\u00fcben oder die Erf\u00fcllung der Verpflichtung zu verlangen, noch stellt der Verzicht auf einen Versto\u00df einen Verzicht auf einen sp\u00e4teren Versto\u00df dar.<\/p>\n\n\n\n<h2 class=\"wp-block-heading\">\u00dcbersetzungsinterpretation<\/h2>\n\n\n\n<p>Diese Allgemeinen Gesch\u00e4ftsbedingungen k\u00f6nnen \u00fcbersetzt worden sein, wenn wir sie Ihnen \u00fcber unseren Dienst zur Verf\u00fcgung gestellt haben. Sie stimmen zu, dass im Falle eines Streitfalls der urspr\u00fcngliche englische Text ma\u00dfgeblich ist.<br><\/p>\n\n\n\n<h2 class=\"wp-block-heading\"><strong>\u00c4nderungen dieser Allgemeinen Gesch\u00e4ftsbedingungen<\/strong><\/h2>\n\n\n\n<p>Wir behalten uns das Recht vor, nach unserem alleinigen Ermessen diese Bedingungen jederzeit zu \u00e4ndern oder zu ersetzen. Wenn eine \u00c4nderung wesentlich ist, werden wir angemessene Anstrengungen unternehmen, um mindestens 30 Tage im Voraus \u00fcber die neuen Bedingungen zu informieren, bevor diese in Kraft treten. Was eine wesentliche \u00c4nderung darstellt, wird nach unserem alleinigen Ermessen bestimmt.<\/p>\n\n\n\n<h2 class=\"wp-block-heading\">Kontaktieren Sie uns<\/h2>\n\n\n\n<p>Wenn Sie Fragen zu diesen Allgemeinen Gesch\u00e4ftsbedingungen haben, k\u00f6nnen Sie uns wie folgt kontaktieren:<\/p>\n\n\n\n<ul class=\"wp-block-list\">\n<li>Indem Sie diese Seite auf unserer Website besuchen: <a href=\"https:\/\/systronlabs.com\/de\/kontakt\/\" target=\"_blank\" rel=\"noreferrer noopener nofollow\">https:\/\/systronlabs.com\/contact\/<\/a><\/li>\n<\/ul>\n","protected":false},"excerpt":{"rendered":"<p>Zuletzt aktualisiert: 18. April 2024 Please read these terms and conditions carefully before using Our Service. Interpretation und Definitionen Interpretation Die W\u00f6rter, deren Anfangsbuchstabe gro\u00df geschrieben ist, haben unter den folgenden Bedingungen die definierte Bedeutung. Die folgenden Definitionen haben dieselbe Bedeutung, unabh\u00e4ngig davon, ob sie im Singular oder im Plural stehen. Definitionen Im Sinne dieser &#8230; <a title=\"Servicebedingungen\" class=\"read-more\" href=\"https:\/\/systronlabs.com\/de\/servicebedingungen\/\" aria-label=\"Mehr Informationen \u00fcber Servicebedingungen\">Weiterlesen &#8230;<\/a><\/p>\n","protected":false},"author":1,"featured_media":0,"parent":0,"menu_order":0,"comment_status":"closed","ping_status":"closed","template":"","meta":{"content-type":"","footnotes":""},"class_list":["post-21245","page","type-page","status-publish"],"_links":{"self":[{"href":"https:\/\/systronlabs.com\/de\/wp-json\/wp\/v2\/pages\/21245","targetHints":{"allow":["GET"]}}],"collection":[{"href":"https:\/\/systronlabs.com\/de\/wp-json\/wp\/v2\/pages"}],"about":[{"href":"https:\/\/systronlabs.com\/de\/wp-json\/wp\/v2\/types\/page"}],"author":[{"embeddable":true,"href":"https:\/\/systronlabs.com\/de\/wp-json\/wp\/v2\/users\/1"}],"replies":[{"embeddable":true,"href":"https:\/\/systronlabs.com\/de\/wp-json\/wp\/v2\/comments?post=21245"}],"version-history":[{"count":13,"href":"https:\/\/systronlabs.com\/de\/wp-json\/wp\/v2\/pages\/21245\/revisions"}],"predecessor-version":[{"id":21269,"href":"https:\/\/systronlabs.com\/de\/wp-json\/wp\/v2\/pages\/21245\/revisions\/21269"}],"wp:attachment":[{"href":"https:\/\/systronlabs.com\/de\/wp-json\/wp\/v2\/media?parent=21245"}],"curies":[{"name":"wp","href":"https:\/\/api.w.org\/{rel}","templated":true}]}}